{"id":71,"date":"2024-05-17T15:22:14","date_gmt":"2024-05-17T15:22:14","guid":{"rendered":"https:\/\/gatsystems2024.wpenginepowered.com\/?page_id=71"},"modified":"2025-06-10T18:34:51","modified_gmt":"2025-06-10T18:34:51","slug":"site-visit-to-validate-drawing","status":"publish","type":"page","link":"https:\/\/gat-systems.com\/es\/custom-finishing-system\/site-visit-to-validate-drawing\/","title":{"rendered":"VISITA IN SITU PARA VALIDAR EL DIBUJO"},"content":{"rendered":"<div data-elementor-type=\"wp-page\" data-elementor-id=\"71\" class=\"elementor elementor-71\" data-elementor-post-type=\"page\">\n\t\t\t\t<div class=\"elementor-element elementor-element-f953d41 e-flex e-con-boxed e-con e-parent\" data-id=\"f953d41\" data-element_type=\"container\" data-e-type=\"container\" data-settings=\"{&quot;background_background&quot;:&quot;classic&quot;}\">\n\t\t\t\t\t<div class=\"e-con-inner\">\n\t\t\t\t<div class=\"elementor-element elementor-element-f36395e elementor-widget elementor-widget-heading\" data-id=\"f36395e\" data-element_type=\"widget\" data-e-type=\"widget\" data-widget_type=\"heading.default\">\n\t\t\t\t\t<h1 class=\"elementor-heading-title elementor-size-default\">Visita a la obra para validar su dibujo tridimensional de la l\u00ednea de acabado<\/h1>\t\t\t\t<\/div>\n\t\t\t\t\t<\/div>\n\t\t\t\t<\/div>\n\t\t<div class=\"elementor-element elementor-element-df8cffb e-con-full e-flex e-con e-parent\" data-id=\"df8cffb\" data-element_type=\"container\" data-e-type=\"container\">\n\t\t\t\t<div class=\"elementor-element elementor-element-6212ec9 elementor-widget-mobile__width-initial elementor-align-right elementor-mobile-align-left elementor-widget elementor-widget-button\" data-id=\"6212ec9\" data-element_type=\"widget\" data-e-type=\"widget\" data-widget_type=\"button.default\">\n\t\t\t\t\t\t\t\t\t\t<a class=\"elementor-button elementor-button-link elementor-size-sm elementor-animation-grow\" href=\"\/es\/custom-finishing-system\/proposal-and-drawing\/\">\n\t\t\t\t\t\t<span class=\"elementor-button-content-wrapper\">\n\t\t\t\t\t\t<span class=\"elementor-button-icon\">\n\t\t\t\t<svg aria-hidden=\"true\" class=\"e-font-icon-svg e-fas-chevron-left\" viewbox=\"0 0 320 512\" xmlns=\"http:\/\/www.w3.org\/2000\/svg\"><path d=\"M34.52 239.03L228.87 44.69c9.37-9.37 24.57-9.37 33.94 0l22.67 22.67c9.36 9.36 9.37 24.52.04 33.9L131.49 256l154.02 154.75c9.34 9.38 9.32 24.54-.04 33.9l-22.67 22.67c-9.37 9.37-24.57 9.37-33.94 0L34.52 272.97c-9.37-9.37-9.37-24.57 0-33.94z\"><\/path><\/svg>\t\t\t<\/span>\n\t\t\t\t\t\t\t\t\t<span class=\"elementor-button-text\">PROPUESTA Y DIBUJO<\/span>\n\t\t\t\t\t<\/span>\n\t\t\t\t\t<\/a>\n\t\t\t\t\t\t\t\t<\/div>\n\t\t\t\t<div class=\"elementor-element elementor-element-a56e023 elementor-widget-mobile__width-initial elementor-align-right elementor-widget elementor-widget-button\" data-id=\"a56e023\" data-element_type=\"widget\" data-e-type=\"widget\" data-widget_type=\"button.default\">\n\t\t\t\t\t\t\t\t\t\t<a class=\"elementor-button elementor-button-link elementor-size-sm elementor-animation-grow\" href=\"\/es\/custom-finishing-system\/purchase-and-engineering-timeline\/\">\n\t\t\t\t\t\t<span class=\"elementor-button-content-wrapper\">\n\t\t\t\t\t\t<span class=\"elementor-button-icon\">\n\t\t\t\t<svg aria-hidden=\"true\" class=\"e-font-icon-svg e-fas-chevron-right\" viewbox=\"0 0 320 512\" xmlns=\"http:\/\/www.w3.org\/2000\/svg\"><path d=\"M285.476 272.971L91.132 467.314c-9.373 9.373-24.569 9.373-33.941 0l-22.667-22.667c-9.357-9.357-9.375-24.522-.04-33.901L188.505 256 34.484 101.255c-9.335-9.379-9.317-24.544.04-33.901l22.667-22.667c9.373-9.373 24.569-9.373 33.941 0L285.475 239.03c9.373 9.372 9.373 24.568.001 33.941z\"><\/path><\/svg>\t\t\t<\/span>\n\t\t\t\t\t\t\t\t\t<span class=\"elementor-button-text\">CALENDARIO DE COMPRAS E INGENIER\u00cdA<\/span>\n\t\t\t\t\t<\/span>\n\t\t\t\t\t<\/a>\n\t\t\t\t\t\t\t\t<\/div>\n\t\t\t\t<\/div>\n\t\t<div class=\"elementor-element elementor-element-dac902b e-flex e-con-boxed e-con e-parent\" data-id=\"dac902b\" data-element_type=\"container\" data-e-type=\"container\" data-settings=\"{&quot;background_background&quot;:&quot;classic&quot;}\">\n\t\t\t\t\t<div class=\"e-con-inner\">\n\t\t\t\t<div class=\"elementor-element elementor-element-4d56a46 elementor-widget elementor-widget-text-editor\" data-id=\"4d56a46\" data-element_type=\"widget\" data-e-type=\"widget\" data-widget_type=\"text-editor.default\">\n\t\t\t\t\t\t\t\t\t<p data-pm-slice=\"1 1 []\">Antes de cortar el acero, <strong>El equipo de ingenier\u00eda de campo de GAT realiza una exhaustiva visita de validaci\u00f3n del emplazamiento<\/strong> para confirmar que el sistema de acabado industrial propuesto encajar\u00e1, funcionar\u00e1 y cumplir\u00e1 los c\u00f3digos dentro de sus instalaciones.<\/p>\t\t\t\t\t\t\t\t<\/div>\n\t\t\t\t<div class=\"elementor-element elementor-element-9e3a844 elementor-widget elementor-widget-heading\" data-id=\"9e3a844\" data-element_type=\"widget\" data-e-type=\"widget\" data-widget_type=\"heading.default\">\n\t\t\t\t\t<h2 class=\"elementor-heading-title elementor-size-default\">Qu\u00e9 ocurre durante la visita de validaci\u00f3n<\/h2>\t\t\t\t<\/div>\n\t\t\t\t<div class=\"elementor-element elementor-element-38f8d5d elementor-widget elementor-widget-html\" data-id=\"38f8d5d\" data-element_type=\"widget\" data-e-type=\"widget\" data-widget_type=\"html.default\">\n\t\t\t\t\t<!-- Core Modules We Engineer & Build In-House -->\r\n<style>\r\n  .table-wrapper {\r\n    width: 100%;\r\n    overflow-x: auto;          \/* enables horizontal scroll *\/\r\n  }\r\n  .table-wrapper::-webkit-scrollbar {\r\n    height: 8px;               \/* optional \u2013 slimmer scrollbar *\/\r\n  }\r\n  .table-wrapper::-webkit-scrollbar-thumb {\r\n    background: #9ca3af;\r\n    border-radius: 4px;\r\n  }\r\n\r\n  table.resp-scroll {\r\n    border-collapse: collapse;\r\n    width: 100%;\r\n    min-width: 700px;          \/* \u2190 keeps columns readable on small screens   *\/\r\n    font-family: \"Rift\", sans-serif;\r\n    font-size: 16px;\r\n    color: #004987;\r\n  }\r\n  table.resp-scroll caption {\r\n    caption-side: top;\r\n    font-weight: 600;\r\n    text-align: left;\r\n    padding: .5rem 0;\r\n    font-size: 1.25rem;\r\n    color: #000;\r\n  }\r\n  table.resp-scroll th,\r\n  table.resp-scroll td {\r\n    padding: .75rem 1rem;\r\n    border: 1px solid #d1d5db;\r\n    text-align: left;\r\n    white-space: nowrap;       \/* stop line-wraps inside cells *\/\r\n  }\r\n  table.resp-scroll th {\r\n    background: #f3f4f6;\r\n    font-weight: 600;\r\n  }\r\n<\/style>\r\n\r\n<div class=\"table-wrapper\">\r\n  <table class=\"resp-scroll\">\r\n    <thead>\r\n      <tr>\r\n        <th scope=\"col\">Tarea<\/th>\r\n        <th scope=\"col\">Prop\u00f3sito<\/th>\r\n        <th scope=\"col\">Resultado<\/th>\r\n      <\/tr>\r\n    <\/thead>\r\n    <tbody>\r\n      <tr>\r\n        <td>Medici\u00f3n l\u00e1ser y marcaje de suelos<\/td>\r\n        <td>Verificar los espacios libres para lavadoras, hornos, cintas transportadoras y pasillos de mantenimiento.<\/td>\r\n        <td>Revisar el dibujo tridimensional para obtener las dimensiones exactas<\/td>\r\n      <\/tr>\r\n      <tr>\r\n        <td>Verificaci\u00f3n de la carga de los servicios p\u00fablicos<\/td>\r\n        <td>Compruebe el gas, la electricidad, el aire, el agua, los desag\u00fces y las penetraciones en el tejado.<\/td>\r\n        <td>Confirme las hojas de especificaciones y evite costosas actualizaciones<\/td>\r\n      <\/tr>\r\n      <tr>\r\n        <td>Trazado del flujo de aire y la ruta de escape<\/td>\r\n        <td>Trazado de rutas de conductos, aire de reposici\u00f3n y distancias de chimenea NFPA<\/td>\r\n        <td>Garantizar el cumplimiento de la normativa y el balance energ\u00e9tico<\/td>\r\n      <\/tr>\r\n      <tr>\r\n        <td>Evaluaci\u00f3n de accesos y aparejos<\/td>\r\n        <td>Eval\u00fae el tama\u00f1o de las puertas, los l\u00edmites de carga del suelo y los recorridos de las gr\u00faas<\/td>\r\n        <td>Planifique la log\u00edstica de la instalaci\u00f3n y minimice el tiempo de inactividad<\/td>\r\n      <\/tr>\r\n      <tr>\r\n        <td>Revisi\u00f3n de la seguridad y la conformidad<\/td>\r\n        <td>Identificaci\u00f3n de paradas electr\u00f3nicas, protecciones, extinci\u00f3n de incendios y ergonom\u00eda<\/td>\r\n        <td>Integrar los requisitos OSHA y FM en el dise\u00f1o final<\/td>\r\n      <\/tr>\r\n      <tr>\r\n        <td>Flujo de trabajo y manipulaci\u00f3n de materiales<\/td>\r\n        <td>Observe el flujo de piezas, los carros y las carretillas elevadoras en tiempo real<\/td>\r\n        <td>Optimice la altura del transportador y las estaciones de carga y descarga<\/td>\r\n      <\/tr>\r\n    <\/tbody>\r\n  <\/table>\r\n<\/div>\r\n\r\n\t\t\t\t<\/div>\n\t\t\t\t\t<\/div>\n\t\t\t\t<\/div>\n\t\t<div class=\"elementor-element elementor-element-cd3ade8 e-flex e-con-boxed e-con e-parent\" data-id=\"cd3ade8\" data-element_type=\"container\" data-e-type=\"container\" data-settings=\"{&quot;background_background&quot;:&quot;classic&quot;}\">\n\t\t\t\t\t<div class=\"e-con-inner\">\n\t\t\t\t<div class=\"elementor-element elementor-element-8cfc41b elementor-widget elementor-widget-image\" data-id=\"8cfc41b\" data-element_type=\"widget\" data-e-type=\"widget\" data-widget_type=\"image.default\">\n\t\t\t\t\t\t\t\t\t\t\t\t\t\t\t<img fetchpriority=\"high\" decoding=\"async\" width=\"800\" height=\"418\" src=\"https:\/\/gat-systems.com\/wp-content\/uploads\/2024\/05\/bg_about_team_hero-1024x535-1.webp\" class=\"attachment-large size-large wp-image-63\" alt=\"\" srcset=\"https:\/\/gat-systems.com\/wp-content\/uploads\/2024\/05\/bg_about_team_hero-1024x535-1.webp 1024w, https:\/\/gat-systems.com\/wp-content\/uploads\/2024\/05\/bg_about_team_hero-1024x535-1-300x157.webp 300w, https:\/\/gat-systems.com\/wp-content\/uploads\/2024\/05\/bg_about_team_hero-1024x535-1-768x401.webp 768w\" sizes=\"(max-width: 800px) 100vw, 800px\" \/>\t\t\t\t\t\t\t\t\t\t\t\t\t\t\t<\/div>\n\t\t\t\t<div class=\"elementor-element elementor-element-72d08c6 elementor-widget elementor-widget-image\" data-id=\"72d08c6\" data-element_type=\"widget\" data-e-type=\"widget\" data-widget_type=\"image.default\">\n\t\t\t\t\t\t\t\t\t\t\t\t\t\t\t<img decoding=\"async\" width=\"800\" height=\"303\" src=\"https:\/\/gat-systems.com\/wp-content\/uploads\/2024\/05\/innovation_background-1024x388-1.webp\" class=\"attachment-large size-large wp-image-73\" alt=\"\" srcset=\"https:\/\/gat-systems.com\/wp-content\/uploads\/2024\/05\/innovation_background-1024x388-1.webp 1024w, https:\/\/gat-systems.com\/wp-content\/uploads\/2024\/05\/innovation_background-1024x388-1-300x114.webp 300w, https:\/\/gat-systems.com\/wp-content\/uploads\/2024\/05\/innovation_background-1024x388-1-768x291.webp 768w\" sizes=\"(max-width: 800px) 100vw, 800px\" \/>\t\t\t\t\t\t\t\t\t\t\t\t\t\t\t<\/div>\n\t\t\t\t<div class=\"elementor-element elementor-element-b6dfa89 elementor-widget elementor-widget-image\" data-id=\"b6dfa89\" data-element_type=\"widget\" data-e-type=\"widget\" data-widget_type=\"image.default\">\n\t\t\t\t\t\t\t\t\t\t\t\t\t\t\t<img decoding=\"async\" width=\"327\" height=\"266\" src=\"https:\/\/gat-systems.com\/wp-content\/uploads\/2024\/05\/n-img4.webp\" class=\"attachment-large size-large wp-image-74\" alt=\"\" srcset=\"https:\/\/gat-systems.com\/wp-content\/uploads\/2024\/05\/n-img4.webp 327w, https:\/\/gat-systems.com\/wp-content\/uploads\/2024\/05\/n-img4-300x244.webp 300w\" sizes=\"(max-width: 327px) 100vw, 327px\" \/>\t\t\t\t\t\t\t\t\t\t\t\t\t\t\t<\/div>\n\t\t\t\t\t<\/div>\n\t\t\t\t<\/div>\n\t\t<div class=\"elementor-element elementor-element-9d8d62c e-flex e-con-boxed e-con e-parent\" data-id=\"9d8d62c\" data-element_type=\"container\" data-e-type=\"container\" data-settings=\"{&quot;background_background&quot;:&quot;classic&quot;}\">\n\t\t\t\t\t<div class=\"e-con-inner\">\n\t\t\t\t<div class=\"elementor-element elementor-element-5097fea elementor-widget elementor-widget-heading\" data-id=\"5097fea\" data-element_type=\"widget\" data-e-type=\"widget\" data-widget_type=\"heading.default\">\n\t\t\t\t\t<h2 class=\"elementor-heading-title elementor-size-default\">Por qu\u00e9 merece la pena una visita de validaci\u00f3n<\/h2>\t\t\t\t<\/div>\n\t\t\t\t<div class=\"elementor-element elementor-element-6c571c9 elementor-widget elementor-widget-text-editor\" data-id=\"6c571c9\" data-element_type=\"widget\" data-e-type=\"widget\" data-widget_type=\"text-editor.default\">\n\t\t\t\t\t\t\t\t\t<ul><li><strong>Instalaci\u00f3n sin sorpresas<\/strong> - Identifique los conflictos antes de la fabricaci\u00f3n, no en la planta.<\/li><li><strong>Menor tiempo de inactividad<\/strong> - El aparejo y la puesta en escena planificados de antemano reducen dr\u00e1sticamente las interrupciones de la producci\u00f3n.<\/li><li><strong>Seguridad presupuestaria<\/strong> - Las mejoras de los servicios p\u00fablicos y las modificaciones de los edificios se planifican con antelaci\u00f3n para proteger la rentabilidad de la inversi\u00f3n.<\/li><li><strong>Garant\u00eda de seguridad<\/strong> - La NFPA, la OSHA y los c\u00f3digos de incendios locales se incorporan desde el principio.<\/li><\/ul>\t\t\t\t\t\t\t\t<\/div>\n\t\t\t\t<div class=\"elementor-element elementor-element-4e18f61 elementor-widget elementor-widget-heading\" data-id=\"4e18f61\" data-element_type=\"widget\" data-e-type=\"widget\" data-widget_type=\"heading.default\">\n\t\t\t\t\t<h2 class=\"elementor-heading-title elementor-size-default\">Programa t\u00edpico de una visita de validaci\u00f3n de un d\u00eda<\/h2>\t\t\t\t<\/div>\n\t\t\t\t<div class=\"elementor-element elementor-element-160e366 elementor-widget elementor-widget-text-editor\" data-id=\"160e366\" data-element_type=\"widget\" data-e-type=\"widget\" data-widget_type=\"text-editor.default\">\n\t\t\t\t\t\t\t\t\t<ul><li><strong>Inicio del turno previo (8 AM)<\/strong> - Revise el modelo tridimensional y los objetivos del d\u00eda con su equipo.<\/li><li><strong>Escaneado l\u00e1ser y marcado (9-11 h)<\/strong> - Trazar las huellas de los equipos en el taller.<\/li><li><strong>Auditor\u00eda de servicios p\u00fablicos (11.00-13.00)<\/strong> - Documentar las ca\u00eddas de gas, los cuadros el\u00e9ctricos, el agua y el aire.<\/li><li><strong>Almuerzo y revisi\u00f3n de resultados (13.00-13.30)<\/strong><\/li><li><strong>Observaci\u00f3n del flujo de trabajo (13:30 - 15:00)<\/strong> - Estudiar el flujo de piezas y la manipulaci\u00f3n de materiales.<\/li><li><strong>Reuni\u00f3n de salida (15.00-16.00)<\/strong> - Comparta los ajustes preliminares y el calendario de los pr\u00f3ximos pasos.<\/li><\/ul>\t\t\t\t\t\t\t\t<\/div>\n\t\t\t\t\t<\/div>\n\t\t\t\t<\/div>\n\t\t<div class=\"elementor-element elementor-element-781c0f2 e-flex e-con-boxed e-con e-parent\" data-id=\"781c0f2\" data-element_type=\"container\" data-e-type=\"container\" data-settings=\"{&quot;background_background&quot;:&quot;classic&quot;}\">\n\t\t\t\t\t<div class=\"e-con-inner\">\n\t\t\t\t<div class=\"elementor-element elementor-element-423cb78 elementor-widget elementor-widget-heading\" data-id=\"423cb78\" data-element_type=\"widget\" data-e-type=\"widget\" data-widget_type=\"heading.default\">\n\t\t\t\t\t<h2 class=\"elementor-heading-title elementor-size-default\">Preguntas frecuentes<\/h2>\t\t\t\t<\/div>\n\t\t\t\t<div class=\"elementor-element elementor-element-e53e2fb elementor-widget elementor-widget-n-accordion\" data-id=\"e53e2fb\" data-element_type=\"widget\" data-e-type=\"widget\" data-settings=\"{&quot;default_state&quot;:&quot;expanded&quot;,&quot;max_items_expended&quot;:&quot;one&quot;,&quot;n_accordion_animation_duration&quot;:{&quot;unit&quot;:&quot;ms&quot;,&quot;size&quot;:400,&quot;sizes&quot;:[]}}\" data-widget_type=\"nested-accordion.default\">\n\t\t\t\t\t\t\t<div class=\"e-n-accordion\" aria-label=\"Acorde\u00f3n. Abra los enlaces con Intro o Espacio, ci\u00e9rrelos con Escape y navegue con las teclas de flecha.\">\n\t\t\t\t\t\t<details id=\"e-n-accordion-item-2400\" class=\"e-n-accordion-item\" open>\n\t\t\t\t<summary class=\"e-n-accordion-item-title\" data-accordion-index=\"1\" tabindex=\"0\" aria-expanded=\"true\" aria-controls=\"e-n-accordion-item-2400\" >\n\t\t\t\t\t<span class='e-n-accordion-item-title-header'><div class=\"e-n-accordion-item-title-text\"> \u00bfCu\u00e1nto dura la visita? <\/div><\/span>\n\t\t\t\t\t\t\t<span class='e-n-accordion-item-title-icon'>\n\t\t\t<span class='e-opened' ><svg aria-hidden=\"true\" class=\"e-font-icon-svg e-fas-minus\" viewbox=\"0 0 448 512\" xmlns=\"http:\/\/www.w3.org\/2000\/svg\"><path d=\"M416 208H32c-17.67 0-32 14.33-32 32v32c0 17.67 14.33 32 32 32h384c17.67 0 32-14.33 32-32v-32c0-17.67-14.33-32-32-32z\"><\/path><\/svg><\/span>\n\t\t\t<span class='e-closed'><svg aria-hidden=\"true\" class=\"e-font-icon-svg e-fas-plus\" viewbox=\"0 0 448 512\" xmlns=\"http:\/\/www.w3.org\/2000\/svg\"><path d=\"M416 208H272V64c0-17.67-14.33-32-32-32h-32c-17.67 0-32 14.33-32 32v144H32c-17.67 0-32 14.33-32 32v32c0 17.67 14.33 32 32 32h144v144c0 17.67 14.33 32 32 32h32c17.67 0 32-14.33 32-32V304h144c17.67 0 32-14.33 32-32v-32c0-17.67-14.33-32-32-32z\"><\/path><\/svg><\/span>\n\t\t<\/span>\n\n\t\t\t\t\t\t<\/summary>\n\t\t\t\t<div role=\"region\" aria-labelledby=\"e-n-accordion-item-2400\" class=\"elementor-element elementor-element-04494f4 e-con-full e-flex e-con e-child\" data-id=\"04494f4\" data-element_type=\"container\" data-e-type=\"container\">\n\t\t\t\t<div class=\"elementor-element elementor-element-1bb327f elementor-widget elementor-widget-text-editor\" data-id=\"1bb327f\" data-element_type=\"widget\" data-e-type=\"widget\" data-widget_type=\"text-editor.default\">\n\t\t\t\t\t\t\t\t\t<p data-pm-slice=\"1 1 []\">La mayor\u00eda de las validaciones requieren entre 6 y 8 horas in situ, en funci\u00f3n del tama\u00f1o de las instalaciones.<\/p>\t\t\t\t\t\t\t\t<\/div>\n\t\t\t\t<\/div>\n\t\t\t\t\t<\/details>\n\t\t\t\t\t\t<details id=\"e-n-accordion-item-2401\" class=\"e-n-accordion-item\" >\n\t\t\t\t<summary class=\"e-n-accordion-item-title\" data-accordion-index=\"2\" tabindex=\"-1\" aria-expanded=\"false\" aria-controls=\"e-n-accordion-item-2401\" >\n\t\t\t\t\t<span class='e-n-accordion-item-title-header'><div class=\"e-n-accordion-item-title-text\"> \u00bfHabr\u00e1 que parar la producci\u00f3n? <\/div><\/span>\n\t\t\t\t\t\t\t<span class='e-n-accordion-item-title-icon'>\n\t\t\t<span class='e-opened' ><svg aria-hidden=\"true\" class=\"e-font-icon-svg e-fas-minus\" viewbox=\"0 0 448 512\" xmlns=\"http:\/\/www.w3.org\/2000\/svg\"><path d=\"M416 208H32c-17.67 0-32 14.33-32 32v32c0 17.67 14.33 32 32 32h384c17.67 0 32-14.33 32-32v-32c0-17.67-14.33-32-32-32z\"><\/path><\/svg><\/span>\n\t\t\t<span class='e-closed'><svg aria-hidden=\"true\" class=\"e-font-icon-svg e-fas-plus\" viewbox=\"0 0 448 512\" xmlns=\"http:\/\/www.w3.org\/2000\/svg\"><path d=\"M416 208H272V64c0-17.67-14.33-32-32-32h-32c-17.67 0-32 14.33-32 32v144H32c-17.67 0-32 14.33-32 32v32c0 17.67 14.33 32 32 32h144v144c0 17.67 14.33 32 32 32h32c17.67 0 32-14.33 32-32V304h144c17.67 0 32-14.33 32-32v-32c0-17.67-14.33-32-32-32z\"><\/path><\/svg><\/span>\n\t\t<\/span>\n\n\t\t\t\t\t\t<\/summary>\n\t\t\t\t<div role=\"region\" aria-labelledby=\"e-n-accordion-item-2401\" class=\"elementor-element elementor-element-65e5e2f e-con-full e-flex e-con e-child\" data-id=\"65e5e2f\" data-element_type=\"container\" data-e-type=\"container\">\n\t\t\t\t<div class=\"elementor-element elementor-element-3b0fb88 elementor-widget elementor-widget-text-editor\" data-id=\"3b0fb88\" data-element_type=\"widget\" data-e-type=\"widget\" data-widget_type=\"text-editor.default\">\n\t\t\t\t\t\t\t\t\t<p data-pm-slice=\"1 1 []\">Rara vez. Nuestro equipo trabaja en torno a sus turnos y zonas calientes para minimizar las interrupciones.<\/p>\t\t\t\t\t\t\t\t<\/div>\n\t\t\t\t<\/div>\n\t\t\t\t\t<\/details>\n\t\t\t\t\t\t<details id=\"e-n-accordion-item-2402\" class=\"e-n-accordion-item\" >\n\t\t\t\t<summary class=\"e-n-accordion-item-title\" data-accordion-index=\"3\" tabindex=\"-1\" aria-expanded=\"false\" aria-controls=\"e-n-accordion-item-2402\" >\n\t\t\t\t\t<span class='e-n-accordion-item-title-header'><div class=\"e-n-accordion-item-title-text\"> \u00bfA qui\u00e9n va dirigido? <\/div><\/span>\n\t\t\t\t\t\t\t<span class='e-n-accordion-item-title-icon'>\n\t\t\t<span class='e-opened' ><svg aria-hidden=\"true\" class=\"e-font-icon-svg e-fas-minus\" viewbox=\"0 0 448 512\" xmlns=\"http:\/\/www.w3.org\/2000\/svg\"><path d=\"M416 208H32c-17.67 0-32 14.33-32 32v32c0 17.67 14.33 32 32 32h384c17.67 0 32-14.33 32-32v-32c0-17.67-14.33-32-32-32z\"><\/path><\/svg><\/span>\n\t\t\t<span class='e-closed'><svg aria-hidden=\"true\" class=\"e-font-icon-svg e-fas-plus\" viewbox=\"0 0 448 512\" xmlns=\"http:\/\/www.w3.org\/2000\/svg\"><path d=\"M416 208H272V64c0-17.67-14.33-32-32-32h-32c-17.67 0-32 14.33-32 32v144H32c-17.67 0-32 14.33-32 32v32c0 17.67 14.33 32 32 32h144v144c0 17.67 14.33 32 32 32h32c17.67 0 32-14.33 32-32V304h144c17.67 0 32-14.33 32-32v-32c0-17.67-14.33-32-32-32z\"><\/path><\/svg><\/span>\n\t\t<\/span>\n\n\t\t\t\t\t\t<\/summary>\n\t\t\t\t<div role=\"region\" aria-labelledby=\"e-n-accordion-item-2402\" class=\"elementor-element elementor-element-7898044 e-con-full e-flex e-con e-child\" data-id=\"7898044\" data-element_type=\"container\" data-e-type=\"container\">\n\t\t\t\t<div class=\"elementor-element elementor-element-0113aa8 elementor-widget elementor-widget-text-editor\" data-id=\"0113aa8\" data-element_type=\"widget\" data-e-type=\"widget\" data-widget_type=\"text-editor.default\">\n\t\t\t\t\t\t\t\t\t<p data-pm-slice=\"1 1 []\">Instalaciones, medio ambiente, salud y seguridad, mantenimiento, producci\u00f3n y cualquiera que d\u00e9 el visto bueno en servicios o seguridad.<\/p>\t\t\t\t\t\t\t\t<\/div>\n\t\t\t\t<\/div>\n\t\t\t\t\t<\/details>\n\t\t\t\t\t\t<details id=\"e-n-accordion-item-2403\" class=\"e-n-accordion-item\" >\n\t\t\t\t<summary class=\"e-n-accordion-item-title\" data-accordion-index=\"4\" tabindex=\"-1\" aria-expanded=\"false\" aria-controls=\"e-n-accordion-item-2403\" >\n\t\t\t\t\t<span class='e-n-accordion-item-title-header'><div class=\"e-n-accordion-item-title-text\"> \u00bfTiene alg\u00fan coste la visita? <\/div><\/span>\n\t\t\t\t\t\t\t<span class='e-n-accordion-item-title-icon'>\n\t\t\t<span class='e-opened' ><svg aria-hidden=\"true\" class=\"e-font-icon-svg e-fas-minus\" viewbox=\"0 0 448 512\" xmlns=\"http:\/\/www.w3.org\/2000\/svg\"><path d=\"M416 208H32c-17.67 0-32 14.33-32 32v32c0 17.67 14.33 32 32 32h384c17.67 0 32-14.33 32-32v-32c0-17.67-14.33-32-32-32z\"><\/path><\/svg><\/span>\n\t\t\t<span class='e-closed'><svg aria-hidden=\"true\" class=\"e-font-icon-svg e-fas-plus\" viewbox=\"0 0 448 512\" xmlns=\"http:\/\/www.w3.org\/2000\/svg\"><path d=\"M416 208H272V64c0-17.67-14.33-32-32-32h-32c-17.67 0-32 14.33-32 32v144H32c-17.67 0-32 14.33-32 32v32c0 17.67 14.33 32 32 32h144v144c0 17.67 14.33 32 32 32h32c17.67 0 32-14.33 32-32V304h144c17.67 0 32-14.33 32-32v-32c0-17.67-14.33-32-32-32z\"><\/path><\/svg><\/span>\n\t\t<\/span>\n\n\t\t\t\t\t\t<\/summary>\n\t\t\t\t<div role=\"region\" aria-labelledby=\"e-n-accordion-item-2403\" class=\"elementor-element elementor-element-d46a651 e-con-full e-flex e-con e-child\" data-id=\"d46a651\" data-element_type=\"container\" data-e-type=\"container\">\n\t\t\t\t<div class=\"elementor-element elementor-element-4802fae elementor-widget elementor-widget-text-editor\" data-id=\"4802fae\" data-element_type=\"widget\" data-e-type=\"widget\" data-widget_type=\"text-editor.default\">\n\t\t\t\t\t\t\t\t\t<p data-pm-slice=\"1 1 []\">Las validaciones in situ se incluyen en la fase de propuesta para proyectos cualificados dentro de Norteam\u00e9rica.<\/p>\t\t\t\t\t\t\t\t<\/div>\n\t\t\t\t<\/div>\n\t\t\t\t\t<\/details>\n\t\t\t\t\t<\/div>\n\t\t\t\t\t\t<\/div>\n\t\t\t\t\t<\/div>\n\t\t\t\t<\/div>\n\t\t<div class=\"elementor-element elementor-element-a30ceda e-flex e-con-boxed e-con e-parent\" data-id=\"a30ceda\" data-element_type=\"container\" data-e-type=\"container\" data-settings=\"{&quot;background_background&quot;:&quot;classic&quot;}\">\n\t\t\t\t\t<div class=\"e-con-inner\">\n\t\t\t\t<div class=\"elementor-element elementor-element-5da9200 elementor-widget elementor-widget-heading\" data-id=\"5da9200\" data-element_type=\"widget\" data-e-type=\"widget\" data-widget_type=\"heading.default\">\n\t\t\t\t\t<h2 class=\"elementor-heading-title elementor-size-default\">\u00bfPreparado para fijar tu dise\u00f1o y cronograma?<\/h2>\t\t\t\t<\/div>\n\t\t\t\t<div class=\"elementor-element elementor-element-fa3671e elementor-widget-mobile__width-initial elementor-align-center elementor-widget elementor-widget-button\" data-id=\"fa3671e\" data-element_type=\"widget\" data-e-type=\"widget\" data-widget_type=\"button.default\">\n\t\t\t\t\t\t\t\t\t\t<a class=\"elementor-button elementor-button-link elementor-size-sm elementor-animation-grow\" href=\"\/es\/request-a-quote\/\">\n\t\t\t\t\t\t<span class=\"elementor-button-content-wrapper\">\n\t\t\t\t\t\t\t\t\t<span class=\"elementor-button-text\">Solicitar una cotizaci\u00f3n<\/span>\n\t\t\t\t\t<\/span>\n\t\t\t\t\t<\/a>\n\t\t\t\t\t\t\t\t<\/div>\n\t\t\t\t\t<\/div>\n\t\t\t\t<\/div>\n\t\t\t\t<\/div>","protected":false},"excerpt":{"rendered":"<p>Site Visit to Validate Your 3\u2011D Finishing\u2011Line Drawing PROPOSAL AND DRAWING PURCHASE AND ENGINEERING TIMELINE Before steel is cut, GAT\u2019s field engineering team conducts a comprehensive site validation visit to confirm that the proposed industrial finishing system will fit, function and comply with codes inside your facility. What Happens During the Validation Visit Task Purpose [&hellip;]<\/p>\n","protected":false},"author":2,"featured_media":0,"parent":146,"menu_order":0,"comment_status":"closed","ping_status":"closed","template":"","meta":{"footnotes":""},"class_list":["post-71","page","type-page","status-publish","hentry"],"featured_image_src":null,"featured_image_src_square":null,"_links":{"self":[{"href":"https:\/\/gat-systems.com\/es\/wp-json\/wp\/v2\/pages\/71","targetHints":{"allow":["GET"]}}],"collection":[{"href":"https:\/\/gat-systems.com\/es\/wp-json\/wp\/v2\/pages"}],"about":[{"href":"https:\/\/gat-systems.com\/es\/wp-json\/wp\/v2\/types\/page"}],"author":[{"embeddable":true,"href":"https:\/\/gat-systems.com\/es\/wp-json\/wp\/v2\/users\/2"}],"replies":[{"embeddable":true,"href":"https:\/\/gat-systems.com\/es\/wp-json\/wp\/v2\/comments?post=71"}],"version-history":[{"count":0,"href":"https:\/\/gat-systems.com\/es\/wp-json\/wp\/v2\/pages\/71\/revisions"}],"up":[{"embeddable":true,"href":"https:\/\/gat-systems.com\/es\/wp-json\/wp\/v2\/pages\/146"}],"wp:attachment":[{"href":"https:\/\/gat-systems.com\/es\/wp-json\/wp\/v2\/media?parent=71"}],"curies":[{"name":"wp","href":"https:\/\/api.w.org\/{rel}","templated":true}]}}