{"id":60,"date":"2024-05-17T14:51:12","date_gmt":"2024-05-17T14:51:12","guid":{"rendered":"https:\/\/gatsystems2024.wpenginepowered.com\/?page_id=60"},"modified":"2025-06-10T18:31:39","modified_gmt":"2025-06-10T18:31:39","slug":"initial-consultation-with-gat","status":"publish","type":"page","link":"https:\/\/gat-systems.com\/es\/custom-finishing-system\/initial-consultation-with-gat\/","title":{"rendered":"CONSULTA INICIAL CON GAT"},"content":{"rendered":"<div data-elementor-type=\"wp-page\" data-elementor-id=\"60\" class=\"elementor elementor-60\" data-elementor-post-type=\"page\">\n\t\t\t\t<div class=\"elementor-element elementor-element-31cb163 e-flex e-con-boxed e-con e-parent\" data-id=\"31cb163\" data-element_type=\"container\" data-e-type=\"container\" data-settings=\"{&quot;background_background&quot;:&quot;classic&quot;}\">\n\t\t\t\t\t<div class=\"e-con-inner\">\n\t\t\t\t<div class=\"elementor-element elementor-element-b0a88d1 elementor-widget elementor-widget-heading\" data-id=\"b0a88d1\" data-element_type=\"widget\" data-e-type=\"widget\" data-widget_type=\"heading.default\">\n\t\t\t\t\t<h1 class=\"elementor-heading-title elementor-size-default\">CONSULTA INICIAL CON GAT\n<\/h1>\t\t\t\t<\/div>\n\t\t\t\t\t<\/div>\n\t\t\t\t<\/div>\n\t\t<div class=\"elementor-element elementor-element-fc94a35 e-con-full e-flex e-con e-parent\" data-id=\"fc94a35\" data-element_type=\"container\" data-e-type=\"container\">\n\t\t\t\t<div class=\"elementor-element elementor-element-966f569 elementor-widget-mobile__width-initial elementor-align-right elementor-mobile-align-left elementor-widget elementor-widget-button\" data-id=\"966f569\" data-element_type=\"widget\" data-e-type=\"widget\" data-widget_type=\"button.default\">\n\t\t\t\t\t\t\t\t\t\t<a class=\"elementor-button elementor-button-link elementor-size-sm elementor-animation-grow\" href=\"\/es\/home\/\">\n\t\t\t\t\t\t<span class=\"elementor-button-content-wrapper\">\n\t\t\t\t\t\t<span class=\"elementor-button-icon\">\n\t\t\t\t<svg aria-hidden=\"true\" class=\"e-font-icon-svg e-fas-chevron-left\" viewbox=\"0 0 320 512\" xmlns=\"http:\/\/www.w3.org\/2000\/svg\"><path d=\"M34.52 239.03L228.87 44.69c9.37-9.37 24.57-9.37 33.94 0l22.67 22.67c9.36 9.36 9.37 24.52.04 33.9L131.49 256l154.02 154.75c9.34 9.38 9.32 24.54-.04 33.9l-22.67 22.67c-9.37 9.37-24.57 9.37-33.94 0L34.52 272.97c-9.37-9.37-9.37-24.57 0-33.94z\"><\/path><\/svg>\t\t\t<\/span>\n\t\t\t\t\t\t\t\t\t<span class=\"elementor-button-text\">Volver a la p\u00e1gina de inicio<\/span>\n\t\t\t\t\t<\/span>\n\t\t\t\t\t<\/a>\n\t\t\t\t\t\t\t\t<\/div>\n\t\t\t\t<div class=\"elementor-element elementor-element-d4ae687 elementor-widget-mobile__width-initial elementor-align-right elementor-widget elementor-widget-button\" data-id=\"d4ae687\" data-element_type=\"widget\" data-e-type=\"widget\" data-widget_type=\"button.default\">\n\t\t\t\t\t\t\t\t\t\t<a class=\"elementor-button elementor-button-link elementor-size-sm elementor-animation-grow\" href=\"\/es\/custom-finishing-system\/proposal-and-drawing\/\">\n\t\t\t\t\t\t<span class=\"elementor-button-content-wrapper\">\n\t\t\t\t\t\t<span class=\"elementor-button-icon\">\n\t\t\t\t<svg aria-hidden=\"true\" class=\"e-font-icon-svg e-fas-chevron-right\" viewbox=\"0 0 320 512\" xmlns=\"http:\/\/www.w3.org\/2000\/svg\"><path d=\"M285.476 272.971L91.132 467.314c-9.373 9.373-24.569 9.373-33.941 0l-22.667-22.667c-9.357-9.357-9.375-24.522-.04-33.901L188.505 256 34.484 101.255c-9.335-9.379-9.317-24.544.04-33.901l22.667-22.667c9.373-9.373 24.569-9.373 33.941 0L285.475 239.03c9.373 9.372 9.373 24.568.001 33.941z\"><\/path><\/svg>\t\t\t<\/span>\n\t\t\t\t\t\t\t\t\t<span class=\"elementor-button-text\">PROPUESTA Y DIBUJO<\/span>\n\t\t\t\t\t<\/span>\n\t\t\t\t\t<\/a>\n\t\t\t\t\t\t\t\t<\/div>\n\t\t\t\t<\/div>\n\t\t<div class=\"elementor-element elementor-element-4cc01d2 e-flex e-con-boxed e-con e-parent\" data-id=\"4cc01d2\" data-element_type=\"container\" data-e-type=\"container\" data-settings=\"{&quot;background_background&quot;:&quot;classic&quot;}\">\n\t\t\t\t\t<div class=\"e-con-inner\">\n\t\t\t\t<div class=\"elementor-element elementor-element-eadb17b elementor-widget elementor-widget-text-editor\" data-id=\"eadb17b\" data-element_type=\"widget\" data-e-type=\"widget\" data-widget_type=\"text-editor.default\">\n\t\t\t\t\t\t\t\t\t<p data-pm-slice=\"1 1 []\">El viaje hacia un <strong>sistema de acabado industrial a medida<\/strong> comienza con una llamada sin compromiso. En 30-45 minutos, nuestros ingenieros s\u00e9nior descubren todo lo necesario para dise\u00f1ar una l\u00ednea de pintura en polvo o l\u00edquida que se adapte a sus piezas, rendimiento y espacio.<\/p>\t\t\t\t\t\t\t\t<\/div>\n\t\t\t\t<div class=\"elementor-element elementor-element-136bc6b elementor-widget elementor-widget-heading\" data-id=\"136bc6b\" data-element_type=\"widget\" data-e-type=\"widget\" data-widget_type=\"heading.default\">\n\t\t\t\t\t<h2 class=\"elementor-heading-title elementor-size-default\">Qu\u00e9 trataremos durante la consulta<\/h2>\t\t\t\t<\/div>\n\t\t\t\t<div class=\"elementor-element elementor-element-dc3af51 elementor-widget elementor-widget-html\" data-id=\"dc3af51\" data-element_type=\"widget\" data-e-type=\"widget\" data-widget_type=\"html.default\">\n\t\t\t\t\t<!-- Core Modules We Engineer & Build In-House -->\r\n<style>\r\n  .table-wrapper {\r\n    width: 100%;\r\n    overflow-x: auto;          \/* enables horizontal scroll *\/\r\n  }\r\n  .table-wrapper::-webkit-scrollbar {\r\n    height: 8px;               \/* optional \u2013 slimmer scrollbar *\/\r\n  }\r\n  .table-wrapper::-webkit-scrollbar-thumb {\r\n    background: #9ca3af;\r\n    border-radius: 4px;\r\n  }\r\n\r\n  table.resp-scroll {\r\n    border-collapse: collapse;\r\n    width: 100%;\r\n    min-width: 700px;          \/* \u2190 keeps columns readable on small screens   *\/\r\n    font-family: \"Rift\", sans-serif;\r\n    font-size: 18px;\r\n    color: #004987;\r\n  }\r\n  table.resp-scroll caption {\r\n    caption-side: top;\r\n    font-weight: 600;\r\n    text-align: left;\r\n    padding: .5rem 0;\r\n    font-size: 1rem;\r\n    color: #000;\r\n  }\r\n  table.resp-scroll th,\r\n  table.resp-scroll td {\r\n    padding: .75rem 1rem;\r\n    border: 1px solid #d1d5db;\r\n    text-align: left;\r\n    white-space: nowrap;       \/* stop line-wraps inside cells *\/\r\n  }\r\n  table.resp-scroll th {\r\n    background: #f3f4f6;\r\n    font-weight: 600;\r\n  }\r\n<\/style>\r\n\r\n<div class=\"table-wrapper\">\r\n  <table class=\"resp-scroll\">\r\n   \r\n    <thead>\r\n      <tr>\r\n        <th scope=\"col\">Tema<\/th>\r\n        <th scope=\"col\">Por qu\u00e9 es importante<\/th>\r\n        <th scope=\"col\">Ejemplos de preguntas<\/th>\r\n      <\/tr>\r\n    <\/thead>\r\n    <tbody>\r\n      <tr>\r\n        <td>Componentes clave y especificaciones<\/td>\r\n        <td>Determina las etapas de la lavadora, la longitud del horno, el estilo del transportador<\/td>\r\n        <td>\u00bfTama\u00f1o de la pieza? \u00bfPeso? \u00bfVelocidad de l\u00ednea deseada (fpm)? \u00bfPatr\u00f3n de cambio?<\/td>\r\n      <\/tr>\r\n      <tr>\r\n        <td>Vol\u00famenes de producci\u00f3n y crecimiento<\/td>\r\n        <td>Capacidad adecuada hoy y dentro de 5 a\u00f1os<\/td>\r\n        <td>\u00bfProducci\u00f3n anual actual? \u00bfAumento previsto?<\/td>\r\n      <\/tr>\r\n      <tr>\r\n        <td>Objetivos de acabado y calidad<\/td>\r\n        <td>Elige el pretratamiento, el polvo o la pintura adecuados<\/td>\r\n        <td>\u00bfHoras de protecci\u00f3n contra la corrosi\u00f3n? \u00bfNivel de brillo? \u00bfFrecuencia de cambio de color?<\/td>\r\n      <\/tr>\r\n      <tr>\r\n        <td>Instalaciones y servicios<\/td>\r\n        <td>Confirma los requisitos de huella e infraestructura<\/td>\r\n        <td>Superficie disponible \u00bfSuministro de gas y electricidad? \u00bfAire comprimido?<\/td>\r\n      <\/tr>\r\n      <tr>\r\n        <td>Presupuesto y calendario<\/td>\r\n        <td>Alinear el alcance con el ROI y los hitos cr\u00edticos<\/td>\r\n        <td>\u00bfCapitalizaci\u00f3n? \u00bfFecha de instalaci\u00f3n prevista?<\/td>\r\n      <\/tr>\r\n      <tr>\r\n        <td>Puntos d\u00e9biles y lista de deseos<\/td>\r\n        <td>Orienta la innovaci\u00f3n hacia la competitividad<\/td>\r\n        <td>\u00bfCuellos de botella? \u00bfPasos manuales que le gustar\u00eda automatizar?<\/td>\r\n      <\/tr>\r\n    <\/tbody>\r\n  <\/table>\r\n<\/div>\r\n\t\t\t\t<\/div>\n\t\t\t\t\t<\/div>\n\t\t\t\t<\/div>\n\t\t<div class=\"elementor-element elementor-element-0d44efb e-flex e-con-boxed e-con e-parent\" data-id=\"0d44efb\" data-element_type=\"container\" data-e-type=\"container\" data-settings=\"{&quot;background_background&quot;:&quot;classic&quot;}\">\n\t\t\t\t\t<div class=\"e-con-inner\">\n\t\t\t\t<div class=\"elementor-element elementor-element-84188bb elementor-widget elementor-widget-heading\" data-id=\"84188bb\" data-element_type=\"widget\" data-e-type=\"widget\" data-widget_type=\"heading.default\">\n\t\t\t\t\t<h2 class=\"elementor-heading-title elementor-size-default\">\u00bfListo para hablar de su proyecto?<\/h2>\t\t\t\t<\/div>\n\t\t\t\t<div class=\"elementor-element elementor-element-a5b56ab elementor-widget-mobile__width-initial elementor-align-center elementor-widget elementor-widget-button\" data-id=\"a5b56ab\" data-element_type=\"widget\" data-e-type=\"widget\" data-widget_type=\"button.default\">\n\t\t\t\t\t\t\t\t\t\t<a class=\"elementor-button elementor-button-link elementor-size-sm elementor-animation-grow\" href=\"\/es\/request-a-quote\/\">\n\t\t\t\t\t\t<span class=\"elementor-button-content-wrapper\">\n\t\t\t\t\t\t\t\t\t<span class=\"elementor-button-text\">Solicitar una cotizaci\u00f3n<\/span>\n\t\t\t\t\t<\/span>\n\t\t\t\t\t<\/a>\n\t\t\t\t\t\t\t\t<\/div>\n\t\t\t\t\t<\/div>\n\t\t\t\t<\/div>\n\t\t<div class=\"elementor-element elementor-element-78664b7 e-flex e-con-boxed e-con e-parent\" data-id=\"78664b7\" data-element_type=\"container\" data-e-type=\"container\" data-settings=\"{&quot;background_background&quot;:&quot;classic&quot;}\">\n\t\t\t\t\t<div class=\"e-con-inner\">\n\t\t\t\t<div class=\"elementor-element elementor-element-b2c1663 elementor-widget elementor-widget-heading\" data-id=\"b2c1663\" data-element_type=\"widget\" data-e-type=\"widget\" data-widget_type=\"heading.default\">\n\t\t\t\t\t<h2 class=\"elementor-heading-title elementor-size-default\">Por qu\u00e9 los fabricantes conf\u00edan en el proceso de consulta de TAG<\/h2>\t\t\t\t<\/div>\n\t\t\t\t<div class=\"elementor-element elementor-element-83f3461 elementor-widget elementor-widget-text-editor\" data-id=\"83f3461\" data-element_type=\"widget\" data-e-type=\"widget\" data-widget_type=\"text-editor.default\">\n\t\t\t\t\t\t\t\t\t<ul data-spread=\"false\" data-pm-slice=\"3 1 []\"><li><p><strong>Dirigido por ingenieros, no por vendedores<\/strong> - Hable directamente con ingenieros de proyectos que han dise\u00f1ado m\u00e1s de 500 l\u00edneas de acabado.<\/p><\/li><li><p><strong>Coste total de propiedad Enfoque<\/strong> - Equilibramos los gastos de capital con el ahorro de energ\u00eda, productos qu\u00edmicos y mano de obra para obtener beneficios a largo plazo.<\/p><\/li><li><p><strong>Responsabilidad familiar<\/strong> - Tres generaciones de experiencia en acabados respaldan cada recomendaci\u00f3n.<\/p><\/li><li><p><strong>Rapidez de la propuesta<\/strong> - Nuestro modelo interno de dise\u00f1o y construcci\u00f3n reduce en semanas el tiempo de concepci\u00f3n habitual.<\/p><\/li><\/ul>\t\t\t\t\t\t\t\t<\/div>\n\t\t\t\t\t<\/div>\n\t\t\t\t<\/div>\n\t\t<div class=\"elementor-element elementor-element-dc65645 e-flex e-con-boxed e-con e-parent\" data-id=\"dc65645\" data-element_type=\"container\" data-e-type=\"container\" data-settings=\"{&quot;background_background&quot;:&quot;classic&quot;}\">\n\t\t\t\t\t<div class=\"e-con-inner\">\n\t\t\t\t<div class=\"elementor-element elementor-element-16d3e27 elementor-widget elementor-widget-image\" data-id=\"16d3e27\" data-element_type=\"widget\" data-e-type=\"widget\" data-widget_type=\"image.default\">\n\t\t\t\t\t\t\t\t\t\t\t\t\t\t\t<img fetchpriority=\"high\" decoding=\"async\" width=\"800\" height=\"418\" src=\"https:\/\/gat-systems.com\/wp-content\/uploads\/2024\/05\/bg_about_team_hero-1024x535-1.webp\" class=\"attachment-large size-large wp-image-63\" alt=\"\" srcset=\"https:\/\/gat-systems.com\/wp-content\/uploads\/2024\/05\/bg_about_team_hero-1024x535-1.webp 1024w, https:\/\/gat-systems.com\/wp-content\/uploads\/2024\/05\/bg_about_team_hero-1024x535-1-300x157.webp 300w, https:\/\/gat-systems.com\/wp-content\/uploads\/2024\/05\/bg_about_team_hero-1024x535-1-768x401.webp 768w\" sizes=\"(max-width: 800px) 100vw, 800px\" \/>\t\t\t\t\t\t\t\t\t\t\t\t\t\t\t<\/div>\n\t\t\t\t<div class=\"elementor-element elementor-element-adae807 elementor-widget elementor-widget-image\" data-id=\"adae807\" data-element_type=\"widget\" data-e-type=\"widget\" data-widget_type=\"image.default\">\n\t\t\t\t\t\t\t\t\t\t\t\t\t\t\t<img decoding=\"async\" width=\"800\" height=\"534\" src=\"https:\/\/gat-systems.com\/wp-content\/uploads\/2024\/05\/img_process_consulting.webp\" class=\"attachment-large size-large wp-image-70\" alt=\"\" srcset=\"https:\/\/gat-systems.com\/wp-content\/uploads\/2024\/05\/img_process_consulting.webp 800w, https:\/\/gat-systems.com\/wp-content\/uploads\/2024\/05\/img_process_consulting-300x200.webp 300w, https:\/\/gat-systems.com\/wp-content\/uploads\/2024\/05\/img_process_consulting-768x513.webp 768w, https:\/\/gat-systems.com\/wp-content\/uploads\/2024\/05\/img_process_consulting-600x400.webp 600w\" sizes=\"(max-width: 800px) 100vw, 800px\" \/>\t\t\t\t\t\t\t\t\t\t\t\t\t\t\t<\/div>\n\t\t\t\t<div class=\"elementor-element elementor-element-4b9c1dc elementor-widget elementor-widget-image\" data-id=\"4b9c1dc\" data-element_type=\"widget\" data-e-type=\"widget\" data-widget_type=\"image.default\">\n\t\t\t\t\t\t\t\t\t\t\t\t\t\t\t<img decoding=\"async\" width=\"800\" height=\"534\" src=\"https:\/\/gat-systems.com\/wp-content\/uploads\/2024\/05\/img_CFS_process_2-6-1.webp\" class=\"attachment-large size-large wp-image-69\" alt=\"\" srcset=\"https:\/\/gat-systems.com\/wp-content\/uploads\/2024\/05\/img_CFS_process_2-6-1.webp 900w, https:\/\/gat-systems.com\/wp-content\/uploads\/2024\/05\/img_CFS_process_2-6-1-300x200.webp 300w, https:\/\/gat-systems.com\/wp-content\/uploads\/2024\/05\/img_CFS_process_2-6-1-768x513.webp 768w, https:\/\/gat-systems.com\/wp-content\/uploads\/2024\/05\/img_CFS_process_2-6-1-600x400.webp 600w\" sizes=\"(max-width: 800px) 100vw, 800px\" \/>\t\t\t\t\t\t\t\t\t\t\t\t\t\t\t<\/div>\n\t\t\t\t\t<\/div>\n\t\t\t\t<\/div>\n\t\t<div class=\"elementor-element elementor-element-2068357 e-flex e-con-boxed e-con e-parent\" data-id=\"2068357\" data-element_type=\"container\" data-e-type=\"container\" data-settings=\"{&quot;background_background&quot;:&quot;classic&quot;,&quot;shape_divider_top&quot;:&quot;opacity-fan&quot;}\">\n\t\t\t\t\t<div class=\"e-con-inner\">\n\t\t\t\t<div class=\"elementor-shape elementor-shape-top\" aria-hidden=\"true\" data-negative=\"false\">\n\t\t\t<svg xmlns=\"http:\/\/www.w3.org\/2000\/svg\" viewbox=\"0 0 283.5 19.6\" preserveaspectratio=\"none\">\n\t<path class=\"elementor-shape-fill\" style=\"opacity:0.33\" d=\"M0 0L0 18.8 141.8 4.1 283.5 18.8 283.5 0z\"\/>\n\t<path class=\"elementor-shape-fill\" style=\"opacity:0.33\" d=\"M0 0L0 12.6 141.8 4 283.5 12.6 283.5 0z\"\/>\n\t<path class=\"elementor-shape-fill\" style=\"opacity:0.33\" d=\"M0 0L0 6.4 141.8 4 283.5 6.4 283.5 0z\"\/>\n\t<path class=\"elementor-shape-fill\" d=\"M0 0L0 1.2 141.8 4 283.5 1.2 283.5 0z\"\/>\n<\/svg>\t\t<\/div>\n\t\t\t\t<div class=\"elementor-element elementor-element-fa1a0bc elementor-widget elementor-widget-heading\" data-id=\"fa1a0bc\" data-element_type=\"widget\" data-e-type=\"widget\" data-widget_type=\"heading.default\">\n\t\t\t\t\t<h2 class=\"elementor-heading-title elementor-size-default\">Del descubrimiento al dibujo: El proceso TAG en seis pasos<\/h2>\t\t\t\t<\/div>\n\t\t\t\t<div class=\"elementor-element elementor-element-360fc23 elementor-widget elementor-widget-text-editor\" data-id=\"360fc23\" data-element_type=\"widget\" data-e-type=\"widget\" data-widget_type=\"text-editor.default\">\n\t\t\t\t\t\t\t\t\t<p data-pm-slice=\"1 1 []\">1\ufe0f\u20e3 <strong>Consulta inicial (You Are Here)<\/strong><br \/>2\ufe0f\u20e3 <strong>Propuesta y dibujo tridimensional<\/strong> \u2192 <a>Siguiente paso '<\/a><br \/>3\ufe0f\u20e3 Visita in situ para validar el dibujo<br \/>4\ufe0f\u20e3 Calendario de compras e ingenier\u00eda<br \/>5\ufe0f\u20e3 Instalaci\u00f3n y formaci\u00f3n<br \/>6\ufe0f\u20e3 Asistencia y mantenimiento<\/p>\t\t\t\t\t\t\t\t<\/div>\n\t\t\t\t\t<\/div>\n\t\t\t\t<\/div>\n\t\t<div class=\"elementor-element elementor-element-29c6880 e-flex e-con-boxed e-con e-parent\" data-id=\"29c6880\" data-element_type=\"container\" data-e-type=\"container\" data-settings=\"{&quot;background_background&quot;:&quot;classic&quot;}\">\n\t\t\t\t\t<div class=\"e-con-inner\">\n\t\t\t\t<div class=\"elementor-element elementor-element-9b7123c elementor-widget elementor-widget-heading\" data-id=\"9b7123c\" data-element_type=\"widget\" data-e-type=\"widget\" data-widget_type=\"heading.default\">\n\t\t\t\t\t<h2 class=\"elementor-heading-title elementor-size-default\">Preguntas frecuentes<\/h2>\t\t\t\t<\/div>\n\t\t\t\t<div class=\"elementor-element elementor-element-afc6143 elementor-widget elementor-widget-n-accordion\" data-id=\"afc6143\" data-element_type=\"widget\" data-e-type=\"widget\" data-settings=\"{&quot;default_state&quot;:&quot;expanded&quot;,&quot;max_items_expended&quot;:&quot;one&quot;,&quot;n_accordion_animation_duration&quot;:{&quot;unit&quot;:&quot;ms&quot;,&quot;size&quot;:400,&quot;sizes&quot;:[]}}\" data-widget_type=\"nested-accordion.default\">\n\t\t\t\t\t\t\t<div class=\"e-n-accordion\" aria-label=\"Acorde\u00f3n. Abra los enlaces con Intro o Espacio, ci\u00e9rrelos con Escape y navegue con las teclas de flecha.\">\n\t\t\t\t\t\t<details id=\"e-n-accordion-item-1840\" class=\"e-n-accordion-item\" open>\n\t\t\t\t<summary class=\"e-n-accordion-item-title\" data-accordion-index=\"1\" tabindex=\"0\" aria-expanded=\"true\" aria-controls=\"e-n-accordion-item-1840\" >\n\t\t\t\t\t<span class='e-n-accordion-item-title-header'><div class=\"e-n-accordion-item-title-text\"> \u00bfEs realmente gratuita la consulta? <\/div><\/span>\n\t\t\t\t\t\t\t<span class='e-n-accordion-item-title-icon'>\n\t\t\t<span class='e-opened' ><svg aria-hidden=\"true\" class=\"e-font-icon-svg e-fas-minus\" viewbox=\"0 0 448 512\" xmlns=\"http:\/\/www.w3.org\/2000\/svg\"><path d=\"M416 208H32c-17.67 0-32 14.33-32 32v32c0 17.67 14.33 32 32 32h384c17.67 0 32-14.33 32-32v-32c0-17.67-14.33-32-32-32z\"><\/path><\/svg><\/span>\n\t\t\t<span class='e-closed'><svg aria-hidden=\"true\" class=\"e-font-icon-svg e-fas-plus\" viewbox=\"0 0 448 512\" xmlns=\"http:\/\/www.w3.org\/2000\/svg\"><path d=\"M416 208H272V64c0-17.67-14.33-32-32-32h-32c-17.67 0-32 14.33-32 32v144H32c-17.67 0-32 14.33-32 32v32c0 17.67 14.33 32 32 32h144v144c0 17.67 14.33 32 32 32h32c17.67 0 32-14.33 32-32V304h144c17.67 0 32-14.33 32-32v-32c0-17.67-14.33-32-32-32z\"><\/path><\/svg><\/span>\n\t\t<\/span>\n\n\t\t\t\t\t\t<\/summary>\n\t\t\t\t<div role=\"region\" aria-labelledby=\"e-n-accordion-item-1840\" class=\"elementor-element elementor-element-a707172 e-con-full e-flex e-con e-child\" data-id=\"a707172\" data-element_type=\"container\" data-e-type=\"container\">\n\t\t\t\t<div class=\"elementor-element elementor-element-5a516ca elementor-widget elementor-widget-text-editor\" data-id=\"5a516ca\" data-element_type=\"widget\" data-e-type=\"widget\" data-widget_type=\"text-editor.default\">\n\t\t\t\t\t\t\t\t\t<p data-pm-slice=\"1 1 []\">S\u00ed, sin coste ni compromiso. Nuestro objetivo es determinar si un sistema TAG es el ajuste correcto.<\/p>\t\t\t\t\t\t\t\t<\/div>\n\t\t\t\t<\/div>\n\t\t\t\t\t<\/details>\n\t\t\t\t\t\t<details id=\"e-n-accordion-item-1841\" class=\"e-n-accordion-item\" >\n\t\t\t\t<summary class=\"e-n-accordion-item-title\" data-accordion-index=\"2\" tabindex=\"-1\" aria-expanded=\"false\" aria-controls=\"e-n-accordion-item-1841\" >\n\t\t\t\t\t<span class='e-n-accordion-item-title-header'><div class=\"e-n-accordion-item-title-text\"> \u00bfNecesito impresiones detalladas de mis piezas? <\/div><\/span>\n\t\t\t\t\t\t\t<span class='e-n-accordion-item-title-icon'>\n\t\t\t<span class='e-opened' ><svg aria-hidden=\"true\" class=\"e-font-icon-svg e-fas-minus\" viewbox=\"0 0 448 512\" xmlns=\"http:\/\/www.w3.org\/2000\/svg\"><path d=\"M416 208H32c-17.67 0-32 14.33-32 32v32c0 17.67 14.33 32 32 32h384c17.67 0 32-14.33 32-32v-32c0-17.67-14.33-32-32-32z\"><\/path><\/svg><\/span>\n\t\t\t<span class='e-closed'><svg aria-hidden=\"true\" class=\"e-font-icon-svg e-fas-plus\" viewbox=\"0 0 448 512\" xmlns=\"http:\/\/www.w3.org\/2000\/svg\"><path d=\"M416 208H272V64c0-17.67-14.33-32-32-32h-32c-17.67 0-32 14.33-32 32v144H32c-17.67 0-32 14.33-32 32v32c0 17.67 14.33 32 32 32h144v144c0 17.67 14.33 32 32 32h32c17.67 0 32-14.33 32-32V304h144c17.67 0 32-14.33 32-32v-32c0-17.67-14.33-32-32-32z\"><\/path><\/svg><\/span>\n\t\t<\/span>\n\n\t\t\t\t\t\t<\/summary>\n\t\t\t\t<div role=\"region\" aria-labelledby=\"e-n-accordion-item-1841\" class=\"elementor-element elementor-element-febc360 e-con-full e-flex e-con e-child\" data-id=\"febc360\" data-element_type=\"container\" data-e-type=\"container\">\n\t\t\t\t<div class=\"elementor-element elementor-element-ae772c1 elementor-widget elementor-widget-text-editor\" data-id=\"ae772c1\" data-element_type=\"widget\" data-e-type=\"widget\" data-widget_type=\"text-editor.default\">\n\t\t\t\t\t\t\t\t\t<p data-pm-slice=\"1 1 []\">No en esta fase. Las dimensiones b\u00e1sicas y el peso son suficientes para iniciar la conversaci\u00f3n.<\/p>\t\t\t\t\t\t\t\t<\/div>\n\t\t\t\t<\/div>\n\t\t\t\t\t<\/details>\n\t\t\t\t\t\t<details id=\"e-n-accordion-item-1842\" class=\"e-n-accordion-item\" >\n\t\t\t\t<summary class=\"e-n-accordion-item-title\" data-accordion-index=\"3\" tabindex=\"-1\" aria-expanded=\"false\" aria-controls=\"e-n-accordion-item-1842\" >\n\t\t\t\t\t<span class='e-n-accordion-item-title-header'><div class=\"e-n-accordion-item-title-text\"> \u00bfPuede aconsejar sobre la pintura en polvo frente a la l\u00edquida? <\/div><\/span>\n\t\t\t\t\t\t\t<span class='e-n-accordion-item-title-icon'>\n\t\t\t<span class='e-opened' ><svg aria-hidden=\"true\" class=\"e-font-icon-svg e-fas-minus\" viewbox=\"0 0 448 512\" xmlns=\"http:\/\/www.w3.org\/2000\/svg\"><path d=\"M416 208H32c-17.67 0-32 14.33-32 32v32c0 17.67 14.33 32 32 32h384c17.67 0 32-14.33 32-32v-32c0-17.67-14.33-32-32-32z\"><\/path><\/svg><\/span>\n\t\t\t<span class='e-closed'><svg aria-hidden=\"true\" class=\"e-font-icon-svg e-fas-plus\" viewbox=\"0 0 448 512\" xmlns=\"http:\/\/www.w3.org\/2000\/svg\"><path d=\"M416 208H272V64c0-17.67-14.33-32-32-32h-32c-17.67 0-32 14.33-32 32v144H32c-17.67 0-32 14.33-32 32v32c0 17.67 14.33 32 32 32h144v144c0 17.67 14.33 32 32 32h32c17.67 0 32-14.33 32-32V304h144c17.67 0 32-14.33 32-32v-32c0-17.67-14.33-32-32-32z\"><\/path><\/svg><\/span>\n\t\t<\/span>\n\n\t\t\t\t\t\t<\/summary>\n\t\t\t\t<div role=\"region\" aria-labelledby=\"e-n-accordion-item-1842\" class=\"elementor-element elementor-element-c007972 e-con-full e-flex e-con e-child\" data-id=\"c007972\" data-element_type=\"container\" data-e-type=\"container\">\n\t\t\t\t<div class=\"elementor-element elementor-element-5e88706 elementor-widget elementor-widget-text-editor\" data-id=\"5e88706\" data-element_type=\"widget\" data-e-type=\"widget\" data-widget_type=\"text-editor.default\">\n\t\t\t\t\t\t\t\t\t<p data-pm-slice=\"1 1 []\">Absolutamente. Compararemos el rendimiento del acabado, el coste operativo y la sostenibilidad de sus piezas.<\/p>\t\t\t\t\t\t\t\t<\/div>\n\t\t\t\t<\/div>\n\t\t\t\t\t<\/details>\n\t\t\t\t\t<\/div>\n\t\t\t\t\t\t<\/div>\n\t\t\t\t\t<\/div>\n\t\t\t\t<\/div>\n\t\t<div class=\"elementor-element elementor-element-92b32a4 e-flex e-con-boxed e-con e-parent\" data-id=\"92b32a4\" data-element_type=\"container\" data-e-type=\"container\" data-settings=\"{&quot;background_background&quot;:&quot;classic&quot;}\">\n\t\t\t\t\t<div class=\"e-con-inner\">\n\t\t\t\t<div class=\"elementor-element elementor-element-b761209 elementor-widget elementor-widget-heading\" data-id=\"b761209\" data-element_type=\"widget\" data-e-type=\"widget\" data-widget_type=\"heading.default\">\n\t\t\t\t\t<h2 class=\"elementor-heading-title elementor-size-default\">\u00bfListo para hablar de su proyecto?<\/h2>\t\t\t\t<\/div>\n\t\t\t\t<div class=\"elementor-element elementor-element-056eab2 elementor-widget-mobile__width-initial elementor-align-center elementor-widget elementor-widget-button\" data-id=\"056eab2\" data-element_type=\"widget\" data-e-type=\"widget\" data-widget_type=\"button.default\">\n\t\t\t\t\t\t\t\t\t\t<a class=\"elementor-button elementor-button-link elementor-size-sm elementor-animation-grow\" href=\"\/es\/request-a-quote\/\">\n\t\t\t\t\t\t<span class=\"elementor-button-content-wrapper\">\n\t\t\t\t\t\t\t\t\t<span class=\"elementor-button-text\">Solicitar una cotizaci\u00f3n<\/span>\n\t\t\t\t\t<\/span>\n\t\t\t\t\t<\/a>\n\t\t\t\t\t\t\t\t<\/div>\n\t\t\t\t\t<\/div>\n\t\t\t\t<\/div>\n\t\t\t\t<\/div>","protected":false},"excerpt":{"rendered":"<p>INITIAL CONSULTATION WITH GAT Back to home PROPOSAL AND DRAWING The journey to a custom industrial finishing system begins with a focused, no\u2011obligation call. In 30\u201345\u202fminutes our senior engineers uncover everything needed to design a powder\u2011coat or liquid\u2011paint line that fits your parts, throughput and footprint. What We\u2019ll Cover During the Consultation Topic Why It [&hellip;]<\/p>\n","protected":false},"author":2,"featured_media":0,"parent":146,"menu_order":0,"comment_status":"closed","ping_status":"closed","template":"","meta":{"footnotes":""},"class_list":["post-60","page","type-page","status-publish","hentry"],"featured_image_src":null,"featured_image_src_square":null,"_links":{"self":[{"href":"https:\/\/gat-systems.com\/es\/wp-json\/wp\/v2\/pages\/60","targetHints":{"allow":["GET"]}}],"collection":[{"href":"https:\/\/gat-systems.com\/es\/wp-json\/wp\/v2\/pages"}],"about":[{"href":"https:\/\/gat-systems.com\/es\/wp-json\/wp\/v2\/types\/page"}],"author":[{"embeddable":true,"href":"https:\/\/gat-systems.com\/es\/wp-json\/wp\/v2\/users\/2"}],"replies":[{"embeddable":true,"href":"https:\/\/gat-systems.com\/es\/wp-json\/wp\/v2\/comments?post=60"}],"version-history":[{"count":0,"href":"https:\/\/gat-systems.com\/es\/wp-json\/wp\/v2\/pages\/60\/revisions"}],"up":[{"embeddable":true,"href":"https:\/\/gat-systems.com\/es\/wp-json\/wp\/v2\/pages\/146"}],"wp:attachment":[{"href":"https:\/\/gat-systems.com\/es\/wp-json\/wp\/v2\/media?parent=60"}],"curies":[{"name":"wp","href":"https:\/\/api.w.org\/{rel}","templated":true}]}}