{"id":415,"date":"2025-07-29T06:41:34","date_gmt":"2025-07-29T06:41:34","guid":{"rendered":"https:\/\/gat-systems.com\/?page_id=415"},"modified":"2025-08-25T20:54:17","modified_gmt":"2025-08-25T20:54:17","slug":"360-immersive-vr-tour","status":"publish","type":"page","link":"https:\/\/gat-systems.com\/es\/360-immersive-vr-tour\/","title":{"rendered":"Recorrido inmersivo en realidad virtual 360"},"content":{"rendered":"<div data-elementor-type=\"wp-page\" data-elementor-id=\"415\" class=\"elementor elementor-415\" data-elementor-post-type=\"page\">\n\t\t\t\t<div class=\"elementor-element elementor-element-d3b731d e-flex e-con-boxed e-con e-parent\" data-id=\"d3b731d\" data-element_type=\"container\" data-e-type=\"container\" data-settings=\"{&quot;background_background&quot;:&quot;classic&quot;}\">\n\t\t\t\t\t<div class=\"e-con-inner\">\n\t\t\t\t<div class=\"elementor-element elementor-element-39d0b66 elementor-widget elementor-widget-heading\" data-id=\"39d0b66\" data-element_type=\"widget\" data-e-type=\"widget\" data-widget_type=\"heading.default\">\n\t\t\t\t\t<h1 class=\"elementor-heading-title elementor-size-default\">Immersive 360\u00b0 Experience: <br>Step Inside a GAT Paint Finishing System\n<\/h1>\t\t\t\t<\/div>\n\t\t\t\t\t<\/div>\n\t\t\t\t<\/div>\n\t\t<div class=\"elementor-element elementor-element-a47e477 e-flex e-con-boxed e-con e-parent\" data-id=\"a47e477\" data-element_type=\"container\" data-e-type=\"container\" data-settings=\"{&quot;background_background&quot;:&quot;classic&quot;}\">\n\t\t\t\t\t<div class=\"e-con-inner\">\n\t\t\t\t<div class=\"elementor-element elementor-element-b6ccec6 elementor-widget elementor-widget-text-editor\" data-id=\"b6ccec6\" data-element_type=\"widget\" data-e-type=\"widget\" data-widget_type=\"text-editor.default\">\n\t\t\t\t\t\t\t\t\t<p><span style=\"font-weight: 400;\">For the first time, GAT Finishing Systems is opening its shop floor to the world through an <\/span><b>interactive 360\u00b0 virtual reality tour<\/b><span style=\"font-weight: 400;\">. Our innovation team has developed an immersive digital experience that places you inside the recently completed GAT Paint Finishing System installation at <\/span><b>Cambridge Air in Chesterfield, MO<\/b><span style=\"font-weight: 400;\">.<\/span><\/p><p><span style=\"font-weight: 400;\">This groundbreaking VR environment transports viewers into the heart of a <\/span><b>turnkey finishing system in action<\/b><span style=\"font-weight: 400;\">, offering a unique perspective on how GAT designs, engineers, and installs advanced finishing technology. From <\/span><b>engineering and fabrication bays<\/b><span style=\"font-weight: 400;\"> to <\/span><b>precision conveyor lines and high-performance finishing ovens<\/b><span style=\"font-weight: 400;\">, the experience reveals the scale, sophistication, and efficiency of a modern GAT system.<\/span><\/p><p><span style=\"font-weight: 400;\">En cada rinc\u00f3n, los participantes se encuentran con el equipamiento caracter\u00edstico de GAT en su contexto:<\/span><\/p><ul><li style=\"font-weight: 400;\" aria-level=\"1\"><b>Arandelas de polipropileno<\/b><span style=\"font-weight: 400;\"> dise\u00f1ado para ofrecer durabilidad y eficiencia<\/span><span style=\"font-weight: 400;\"><br \/><br \/><\/span><\/li><li style=\"font-weight: 400;\" aria-level=\"1\"><b>Hornos por lotes y de proceso<\/b><span style=\"font-weight: 400;\"> proporcionando un curado uniforme y de alta calidad<\/span><span style=\"font-weight: 400;\"><br \/><br \/><\/span><\/li><li style=\"font-weight: 400;\" aria-level=\"1\"><b>Cabinas de recubrimiento en polvo<\/b><span style=\"font-weight: 400;\"> Dise\u00f1ado para ofrecer precisi\u00f3n y productividad.<\/span><span style=\"font-weight: 400;\"><br \/><br \/><\/span><\/li><li style=\"font-weight: 400;\" aria-level=\"1\"><b>Transportadores personalizados<\/b><span style=\"font-weight: 400;\"> integr\u00e1ndose a la perfecci\u00f3n en la l\u00ednea de meta<\/span><span style=\"font-weight: 400;\"><br \/><br \/><\/span><\/li><\/ul><p><span style=\"font-weight: 400;\">This immersive tour isn\u2019t just a walkthrough\u2014it\u2019s a <\/span><b>powerful sales and education tool<\/b><span style=\"font-weight: 400;\">. Potential clients and partners can explore real-world product workflows, visualize facility layouts at scale, and experience the end-to-end integration that defines GAT\u2019s approach. By blending cutting-edge technology with practical application, GAT demonstrates not only what we build, but how we bring entire systems to life.<\/span><\/p><p data-pm-slice=\"1 1 []\"><span style=\"font-weight: 400;\">The result is an engaging, interactive showcase of <\/span><b>GAT\u2019s unmatched capabilities<\/b><span style=\"font-weight: 400;\">\u2014a first-of-its-kind digital experience that puts viewers on the shop floor without ever leaving their seat.<\/span><\/p>\t\t\t\t\t\t\t\t<\/div>\n\t\t\t\t\t<\/div>\n\t\t\t\t<\/div>\n\t\t<div class=\"elementor-element elementor-element-d1502c6 e-con-full e-flex e-con e-parent\" data-id=\"d1502c6\" data-element_type=\"container\" data-e-type=\"container\">\n\t\t\t\t<div class=\"elementor-element elementor-element-2953c33 elementor-widget elementor-widget-html\" data-id=\"2953c33\" data-element_type=\"widget\" data-e-type=\"widget\" data-widget_type=\"html.default\">\n\t\t\t\t\t<iframe width=\"100%\" height=\"700\" src=\"https:\/\/my.browsemy360.com\/tour\/hfjxek2d7q\" frameborder=\"0\" allowfullscreen><\/iframe>\t\t\t\t<\/div>\n\t\t\t\t<\/div>\n\t\t\t\t<\/div>","protected":false},"excerpt":{"rendered":"<p>Immersive 360\u00b0 Experience: Step Inside a GAT Paint Finishing System For the first time, GAT Finishing Systems is opening its shop floor to the world through an interactive 360\u00b0 virtual reality tour. Our innovation team has developed an immersive digital experience that places you inside the recently completed GAT Paint Finishing System installation at Cambridge [&hellip;]<\/p>\n","protected":false},"author":2,"featured_media":0,"parent":0,"menu_order":0,"comment_status":"closed","ping_status":"closed","template":"","meta":{"footnotes":""},"class_list":["post-415","page","type-page","status-publish","hentry"],"featured_image_src":null,"featured_image_src_square":null,"_links":{"self":[{"href":"https:\/\/gat-systems.com\/es\/wp-json\/wp\/v2\/pages\/415","targetHints":{"allow":["GET"]}}],"collection":[{"href":"https:\/\/gat-systems.com\/es\/wp-json\/wp\/v2\/pages"}],"about":[{"href":"https:\/\/gat-systems.com\/es\/wp-json\/wp\/v2\/types\/page"}],"author":[{"embeddable":true,"href":"https:\/\/gat-systems.com\/es\/wp-json\/wp\/v2\/users\/2"}],"replies":[{"embeddable":true,"href":"https:\/\/gat-systems.com\/es\/wp-json\/wp\/v2\/comments?post=415"}],"version-history":[{"count":0,"href":"https:\/\/gat-systems.com\/es\/wp-json\/wp\/v2\/pages\/415\/revisions"}],"wp:attachment":[{"href":"https:\/\/gat-systems.com\/es\/wp-json\/wp\/v2\/media?parent=415"}],"curies":[{"name":"wp","href":"https:\/\/api.w.org\/{rel}","templated":true}]}}