{"id":308,"date":"2024-05-22T12:19:14","date_gmt":"2024-05-22T12:19:14","guid":{"rendered":"https:\/\/gatsystems2024.wpenginepowered.com\/?page_id=308"},"modified":"2024-05-22T12:20:36","modified_gmt":"2024-05-22T12:20:36","slug":"maintenance","status":"publish","type":"page","link":"https:\/\/gat-systems.com\/es\/custom-finishing-system\/maintenance\/","title":{"rendered":"Mantenimiento"},"content":{"rendered":"<div data-elementor-type=\"wp-page\" data-elementor-id=\"308\" class=\"elementor elementor-308\" data-elementor-post-type=\"page\">\n\t\t\t\t<div class=\"elementor-element elementor-element-d6dbdf8 e-flex e-con-boxed e-con e-parent\" data-id=\"d6dbdf8\" data-element_type=\"container\" data-e-type=\"container\" data-settings=\"{&quot;background_background&quot;:&quot;classic&quot;}\">\n\t\t\t\t\t<div class=\"e-con-inner\">\n\t\t\t\t<div class=\"elementor-element elementor-element-cd94ea6 elementor-widget elementor-widget-heading\" data-id=\"cd94ea6\" data-element_type=\"widget\" data-e-type=\"widget\" data-widget_type=\"heading.default\">\n\t\t\t\t\t<h1 class=\"elementor-heading-title elementor-size-default\">Repair and Maintenance of Custom Finishing Systems\n<\/h1>\t\t\t\t<\/div>\n\t\t\t\t\t<\/div>\n\t\t\t\t<\/div>\n\t\t<div class=\"elementor-element elementor-element-8ab1331 e-flex e-con-boxed e-con e-parent\" data-id=\"8ab1331\" data-element_type=\"container\" data-e-type=\"container\" data-settings=\"{&quot;background_background&quot;:&quot;classic&quot;}\">\n\t\t\t\t\t<div class=\"e-con-inner\">\n\t\t\t\t<div class=\"elementor-element elementor-element-bc260ff elementor-widget elementor-widget-heading\" data-id=\"bc260ff\" data-element_type=\"widget\" data-e-type=\"widget\" data-widget_type=\"heading.default\">\n\t\t\t\t\t<h2 class=\"elementor-heading-title elementor-size-default\">Ayudamos a que sus sistemas de acabado funcionen a pleno rendimiento\n<\/h2>\t\t\t\t<\/div>\n\t\t\t\t<div class=\"elementor-element elementor-element-fe38819 elementor-widget elementor-widget-text-editor\" data-id=\"fe38819\" data-element_type=\"widget\" data-e-type=\"widget\" data-widget_type=\"text-editor.default\">\n\t\t\t\t\t\t\t\t\t<p>Usted sabe lo que el tiempo de inactividad significa para su empresa: cero beneficios. Si sus sistemas no se mantienen felices y sanos, su empresa empezar\u00e1 a perder dinero debido a los tiempos de inactividad y a las costosas reparaciones. Tenemos la respuesta que necesita.<\/p><p>GAT ofrece servicio de mantenimiento y asistencia t\u00e9cnica a lo largo de la vida de su sistema de acabado personalizado. Nuestros servicios de mantenimiento y asistencia continua pueden mantener su sistema en pleno funcionamiento durante d\u00e9cadas. Tenemos un s\u00f3lido historial de durar m\u00e1s que el trabajo de nuestros competidores en el tiempo, como lo demuestra nuestra propiedad unifamiliar desde 1958.<\/p><p>Cuando piense en sistemas de acabado a medida fiables y duraderos, deber\u00edamos ser el primer nombre que le venga a la mente.<\/p>\t\t\t\t\t\t\t\t<\/div>\n\t\t\t\t\t<\/div>\n\t\t\t\t<\/div>\n\t\t<div class=\"elementor-element elementor-element-7e3c51e e-flex e-con-boxed e-con e-parent\" data-id=\"7e3c51e\" data-element_type=\"container\" data-e-type=\"container\" data-settings=\"{&quot;background_background&quot;:&quot;classic&quot;}\">\n\t\t\t\t\t<div class=\"e-con-inner\">\n\t\t\t\t<div class=\"elementor-element elementor-element-88f8ded elementor-widget elementor-widget-heading\" data-id=\"88f8ded\" data-element_type=\"widget\" data-e-type=\"widget\" data-widget_type=\"heading.default\">\n\t\t\t\t\t<h2 class=\"elementor-heading-title elementor-size-default\">Need Repairs or Maintenance Work on Your Finishing System? Give us a call!\n<\/h2>\t\t\t\t<\/div>\n\t\t\t\t<div class=\"elementor-element elementor-element-72a5b90 elementor-widget-mobile__width-initial elementor-align-center elementor-widget elementor-widget-button\" data-id=\"72a5b90\" data-element_type=\"widget\" data-e-type=\"widget\" data-widget_type=\"button.default\">\n\t\t\t\t\t\t\t\t\t\t<a class=\"elementor-button elementor-button-link elementor-size-sm elementor-animation-grow\" href=\"\/es\/contact\/\">\n\t\t\t\t\t\t<span class=\"elementor-button-content-wrapper\">\n\t\t\t\t\t\t\t\t\t<span class=\"elementor-button-text\">Programe una llamada<\/span>\n\t\t\t\t\t<\/span>\n\t\t\t\t\t<\/a>\n\t\t\t\t\t\t\t\t<\/div>\n\t\t\t\t\t<\/div>\n\t\t\t\t<\/div>\n\t\t\t\t<\/div>","protected":false},"excerpt":{"rendered":"<p>Repair and Maintenance of Custom Finishing Systems We Help Your Finishing Systems Stay Fully Operational You know what downtime means for your company: zero profit. If your systems are not kept happy and healthy, your business will start losing money due to downtime and costly repairs. We have the answer you need. GAT offers maintenance [&hellip;]<\/p>\n","protected":false},"author":2,"featured_media":0,"parent":146,"menu_order":0,"comment_status":"closed","ping_status":"closed","template":"","meta":{"footnotes":""},"class_list":["post-308","page","type-page","status-publish","hentry"],"featured_image_src":null,"featured_image_src_square":null,"_links":{"self":[{"href":"https:\/\/gat-systems.com\/es\/wp-json\/wp\/v2\/pages\/308","targetHints":{"allow":["GET"]}}],"collection":[{"href":"https:\/\/gat-systems.com\/es\/wp-json\/wp\/v2\/pages"}],"about":[{"href":"https:\/\/gat-systems.com\/es\/wp-json\/wp\/v2\/types\/page"}],"author":[{"embeddable":true,"href":"https:\/\/gat-systems.com\/es\/wp-json\/wp\/v2\/users\/2"}],"replies":[{"embeddable":true,"href":"https:\/\/gat-systems.com\/es\/wp-json\/wp\/v2\/comments?post=308"}],"version-history":[{"count":0,"href":"https:\/\/gat-systems.com\/es\/wp-json\/wp\/v2\/pages\/308\/revisions"}],"up":[{"embeddable":true,"href":"https:\/\/gat-systems.com\/es\/wp-json\/wp\/v2\/pages\/146"}],"wp:attachment":[{"href":"https:\/\/gat-systems.com\/es\/wp-json\/wp\/v2\/media?parent=308"}],"curies":[{"name":"wp","href":"https:\/\/api.w.org\/{rel}","templated":true}]}}