{"id":307,"date":"2024-05-22T12:15:07","date_gmt":"2024-05-22T12:15:07","guid":{"rendered":"https:\/\/gatsystems2024.wpenginepowered.com\/?page_id=307"},"modified":"2024-05-22T12:18:13","modified_gmt":"2024-05-22T12:18:13","slug":"engineering","status":"publish","type":"page","link":"https:\/\/gat-systems.com\/es\/custom-finishing-system\/engineering\/","title":{"rendered":"Ingenier\u00eda"},"content":{"rendered":"<div data-elementor-type=\"wp-page\" data-elementor-id=\"307\" class=\"elementor elementor-307\" data-elementor-post-type=\"page\">\n\t\t\t\t<div class=\"elementor-element elementor-element-ddb7ba7 e-flex e-con-boxed e-con e-parent\" data-id=\"ddb7ba7\" data-element_type=\"container\" data-e-type=\"container\" data-settings=\"{&quot;background_background&quot;:&quot;classic&quot;}\">\n\t\t\t\t\t<div class=\"e-con-inner\">\n\t\t\t\t<div class=\"elementor-element elementor-element-a116ae4 elementor-widget elementor-widget-heading\" data-id=\"a116ae4\" data-element_type=\"widget\" data-e-type=\"widget\" data-widget_type=\"heading.default\">\n\t\t\t\t\t<h1 class=\"elementor-heading-title elementor-size-default\">Ingenier\u00eda<\/h1>\t\t\t\t<\/div>\n\t\t\t\t\t<\/div>\n\t\t\t\t<\/div>\n\t\t<div class=\"elementor-element elementor-element-34aa511 e-flex e-con-boxed e-con e-parent\" data-id=\"34aa511\" data-element_type=\"container\" data-e-type=\"container\" data-settings=\"{&quot;background_background&quot;:&quot;classic&quot;}\">\n\t\t\t\t\t<div class=\"e-con-inner\">\n\t\t\t\t<div class=\"elementor-element elementor-element-c00c6e6 elementor-widget elementor-widget-heading\" data-id=\"c00c6e6\" data-element_type=\"widget\" data-e-type=\"widget\" data-widget_type=\"heading.default\">\n\t\t\t\t\t<h2 class=\"elementor-heading-title elementor-size-default\">Our Engineering Process for Custom Finishing Systems\n\n<\/h2>\t\t\t\t<\/div>\n\t\t\t\t<div class=\"elementor-element elementor-element-514cbb4 elementor-widget elementor-widget-text-editor\" data-id=\"514cbb4\" data-element_type=\"widget\" data-e-type=\"widget\" data-widget_type=\"text-editor.default\">\n\t\t\t\t\t\t\t\t\t<p>Un sistema de acabado personalizado es tan bueno como el concepto de dise\u00f1o original. Pocos \u00e9xitos salen simplemente de la cadena de montaje; la ingenier\u00eda de calidad es el punto de partida para crear un sistema de acabado personalizado excepcional. Nuestro experimentado equipo de ingenieros puede trabajar con usted y su equipo para crear un sistema de acabado personalizado \u00fanico que tenga en cuenta las necesidades de crecimiento actuales y futuras de su empresa, as\u00ed como su presupuesto y el espacio operativo existente.<\/p><p>\u00a0<\/p>\t\t\t\t\t\t\t\t<\/div>\n\t\t\t\t<div class=\"elementor-element elementor-element-16fb130 elementor-widget elementor-widget-heading\" data-id=\"16fb130\" data-element_type=\"widget\" data-e-type=\"widget\" data-widget_type=\"heading.default\">\n\t\t\t\t\t<h2 class=\"elementor-heading-title elementor-size-default\">Elementos de un sistema de acabado GAT\n<\/h2>\t\t\t\t<\/div>\n\t\t\t\t<div class=\"elementor-element elementor-element-affce7f e-n-tabs-mobile elementor-widget elementor-widget-n-tabs\" data-id=\"affce7f\" data-element_type=\"widget\" data-e-type=\"widget\" data-widget_type=\"nested-tabs.default\">\n\t\t\t\t\t\t\t<div class=\"e-n-tabs\" data-widget-number=\"184536703\" aria-label=\"Pesta\u00f1as. Abre elementos con Intro o Espacio, ci\u00e9rralos con Escape y navega con las Flechas.\">\n\t\t\t<div class=\"e-n-tabs-heading\" role=\"tablist\">\n\t\t\t\t\t<button id=\"e-n-tab-title-1845367031\" data-tab-title-id=\"e-n-tab-title-1845367031\" class=\"e-n-tab-title\" aria-selected=\"true\" data-tab-index=\"1\" role=\"tab\" tabindex=\"0\" aria-controls=\"e-n-tab-content-1845367031\" style=\"--n-tabs-title-order: 1;\">\n\t\t\t\t\t\t<span class=\"e-n-tab-title-text\">\n\t\t\t\tDise\u00f1o modular\t\t\t<\/span>\n\t\t<\/button>\n\t\t\t\t<button id=\"e-n-tab-title-1845367032\" data-tab-title-id=\"e-n-tab-title-1845367032\" class=\"e-n-tab-title\" aria-selected=\"false\" data-tab-index=\"2\" role=\"tab\" tabindex=\"-1\" aria-controls=\"e-n-tab-content-1845367032\" style=\"--n-tabs-title-order: 2;\">\n\t\t\t\t\t\t<span class=\"e-n-tab-title-text\">\n\t\t\t\tSuperior Layout Design\t\t\t<\/span>\n\t\t<\/button>\n\t\t\t\t<button id=\"e-n-tab-title-1845367033\" data-tab-title-id=\"e-n-tab-title-1845367033\" class=\"e-n-tab-title\" aria-selected=\"false\" data-tab-index=\"3\" role=\"tab\" tabindex=\"-1\" aria-controls=\"e-n-tab-content-1845367033\" style=\"--n-tabs-title-order: 3;\">\n\t\t\t\t\t\t<span class=\"e-n-tab-title-text\">\n\t\t\t\tStandards of Excellence\t\t\t<\/span>\n\t\t<\/button>\n\t\t\t\t\t<\/div>\n\t\t\t<div class=\"e-n-tabs-content\">\n\t\t\t\t<div id=\"e-n-tab-content-1845367031\" role=\"tabpanel\" aria-labelledby=\"e-n-tab-title-1845367031\" data-tab-index=\"1\" style=\"--n-tabs-title-order: 1;\" class=\"e-active elementor-element elementor-element-70a2ecd e-con-full e-flex e-con e-child\" data-id=\"70a2ecd\" data-element_type=\"container\" data-e-type=\"container\">\n\t\t\t\t<div class=\"elementor-element elementor-element-3ceb37b elementor-widget elementor-widget-text-editor\" data-id=\"3ceb37b\" data-element_type=\"widget\" data-e-type=\"widget\" data-widget_type=\"text-editor.default\">\n\t\t\t\t\t\t\t\t\t<p>What is your finishing system designed to do? Can it move in the process? Designing your system into segments allows us to see how each piece can fluctuate for the most optimal line implementation. Fewer pieces means less onsite construction when it comes time for installation, a win\/win for everyone.<\/p><p>\u00a0<\/p>\t\t\t\t\t\t\t\t<\/div>\n\t\t\t\t<\/div>\n\t\t<div id=\"e-n-tab-content-1845367032\" role=\"tabpanel\" aria-labelledby=\"e-n-tab-title-1845367032\" data-tab-index=\"2\" style=\"--n-tabs-title-order: 2;\" class=\"elementor-element elementor-element-2f01988 e-con-full e-flex e-con e-child\" data-id=\"2f01988\" data-element_type=\"container\" data-e-type=\"container\">\n\t\t\t\t<div class=\"elementor-element elementor-element-61b9f12 elementor-widget elementor-widget-text-editor\" data-id=\"61b9f12\" data-element_type=\"widget\" data-e-type=\"widget\" data-widget_type=\"text-editor.default\">\n\t\t\t\t\t\t\t\t\t<p>We understand you may be restricted by your current space and production needs. We get it. Not every production setting is ideal for creating the system you really want for your line. Our GAT team gladly accepts this challenge as our opportunity to think creatively and find what works.<\/p><p>We work to incorporate your existing production setting in our engineering approach. This allows us to focus on finding the right solution instead of retrofitting your space to fit someone else\u2019s standard.<\/p><p>Our commitment to you is this: we will always go with the right solution for your business. No questions, no compromises.<\/p>\t\t\t\t\t\t\t\t<\/div>\n\t\t\t\t<\/div>\n\t\t<div id=\"e-n-tab-content-1845367033\" role=\"tabpanel\" aria-labelledby=\"e-n-tab-title-1845367033\" data-tab-index=\"3\" style=\"--n-tabs-title-order: 3;\" class=\"elementor-element elementor-element-ef9962a e-flex e-con-boxed e-con e-child\" data-id=\"ef9962a\" data-element_type=\"container\" data-e-type=\"container\">\n\t\t\t\t\t<div class=\"e-con-inner\">\n\t\t\t\t<div class=\"elementor-element elementor-element-590e6cc elementor-widget elementor-widget-text-editor\" data-id=\"590e6cc\" data-element_type=\"widget\" data-e-type=\"widget\" data-widget_type=\"text-editor.default\">\n\t\t\t\t\t\t\t\t\t<p>Without question your custom finishing system needs to be safe and efficient. We believe in creating a system we would feel fully comfortable operating and building our business on into the future. We stick close to our core standards for production quality and our record of success is proven because we will not compromise on this quality standard.<\/p>\t\t\t\t\t\t\t\t<\/div>\n\t\t\t\t\t<\/div>\n\t\t\t\t<\/div>\n\t\t\t\t\t<\/div>\n\t\t<\/div>\n\t\t\t\t\t\t<\/div>\n\t\t\t\t<div class=\"elementor-element elementor-element-20be316 elementor-widget elementor-widget-heading\" data-id=\"20be316\" data-element_type=\"widget\" data-e-type=\"widget\" data-widget_type=\"heading.default\">\n\t\t\t\t\t<h2 class=\"elementor-heading-title elementor-size-default\">Sus necesidades de sistemas + nuestra creatividad = excelencia en la resoluci\u00f3n de problemas\n<\/h2>\t\t\t\t<\/div>\n\t\t\t\t<div class=\"elementor-element elementor-element-42da0bc elementor-widget elementor-widget-text-editor\" data-id=\"42da0bc\" data-element_type=\"widget\" data-e-type=\"widget\" data-widget_type=\"text-editor.default\">\n\t\t\t\t\t\t\t\t\t<p>Por si las camisetas, las gorras de b\u00e9isbol y los asientos de avi\u00f3n no fueran prueba suficiente, la \"talla \u00fanica\" es una forma terrible de atender a los clientes. Por eso, nuestro equipo de GAT va m\u00e1s all\u00e1 de los m\u00e9todos convencionales ampliando nuestra forma de pensar sobre las necesidades de sistemas exclusivos de su empresa. Queremos resolver sus problemas exactos con un sistema de acabado personalizado que se ajuste a su presupuesto y ahorre tiempo y dolores de cabeza a todos.<\/p><p><b>Problemas comunes de ingenier\u00eda que deben evitarse con los sistemas de acabado personalizados<\/b><\/p><p>Entendemos que es imposible anticiparse a todos los elementos de un pedido de un sistema de acabado personalizado, y hemos creado procesos para se\u00f1alar posibles \u00e1reas problem\u00e1ticas antes de que se conviertan en una misi\u00f3n cr\u00edtica. Estos son algunos de los problemas m\u00e1s comunes con los que se encuentran las empresas a la hora de planificar un sistema de acabado personalizado:<\/p><ul><li><b>Problema #1: Las especificaciones no coinciden con el presupuesto.<\/b> Nuestras reuniones conceptuales iniciales ayudar\u00e1n a generar ideas y obtener presupuestos, lo que nos permite tener m\u00e1s oportunidades de resolver por adelantado aproximadamente 80% de todos los problemas espec\u00edficos del presupuesto. Lo m\u00e1s importante es que nuestro equipo de TAG facilita conversaciones continuas con usted como nuestro cliente para satisfacer sus necesidades exactas tanto como sea posible.<\/li><li><b>Problema #2: un calendario demasiado apresurado<\/b>. La mejor manera de evitar errores es comprender que la velocidad puede llevar a cometerlos. Un enfoque que nos gusta adoptar es \"Lo lento es suave y lo suave es r\u00e1pido\". Si nos preocupan los plazos, hacemos todo lo posible por comunic\u00e1rselos de la forma m\u00e1s honesta, r\u00e1pida y eficaz posible.<\/li><\/ul>\t\t\t\t\t\t\t\t<\/div>\n\t\t\t\t\t<\/div>\n\t\t\t\t<\/div>\n\t\t<div class=\"elementor-element elementor-element-6149222 e-flex e-con-boxed e-con e-parent\" data-id=\"6149222\" data-element_type=\"container\" data-e-type=\"container\" data-settings=\"{&quot;background_background&quot;:&quot;classic&quot;}\">\n\t\t\t\t\t<div class=\"e-con-inner\">\n\t\t\t\t<div class=\"elementor-element elementor-element-c59eef1 elementor-widget elementor-widget-heading\" data-id=\"c59eef1\" data-element_type=\"widget\" data-e-type=\"widget\" data-widget_type=\"heading.default\">\n\t\t\t\t\t<h2 class=\"elementor-heading-title elementor-size-default\">Hablemos de c\u00f3mo GAT puede impactar su negocio.\n<\/h2>\t\t\t\t<\/div>\n\t\t\t\t<div class=\"elementor-element elementor-element-99ec0dc elementor-widget-mobile__width-initial elementor-align-center elementor-widget elementor-widget-button\" data-id=\"99ec0dc\" data-element_type=\"widget\" data-e-type=\"widget\" data-widget_type=\"button.default\">\n\t\t\t\t\t\t\t\t\t\t<a class=\"elementor-button elementor-button-link elementor-size-sm elementor-animation-grow\" href=\"\/es\/contact\/\">\n\t\t\t\t\t\t<span class=\"elementor-button-content-wrapper\">\n\t\t\t\t\t\t\t\t\t<span class=\"elementor-button-text\">Programe una llamada<\/span>\n\t\t\t\t\t<\/span>\n\t\t\t\t\t<\/a>\n\t\t\t\t\t\t\t\t<\/div>\n\t\t\t\t\t<\/div>\n\t\t\t\t<\/div>\n\t\t\t\t<\/div>","protected":false},"excerpt":{"rendered":"<p>Engineering Our Engineering Process for Custom Finishing Systems A custom finishing system is only as good as the original design concept. Few successes just \u2018happen\u2019 to roll off the assembly line; quality engineering is the starting point for creating an exceptional custom finishing system. Our experienced team of engineers can work with you and your [&hellip;]<\/p>\n","protected":false},"author":2,"featured_media":0,"parent":146,"menu_order":0,"comment_status":"closed","ping_status":"closed","template":"","meta":{"footnotes":""},"class_list":["post-307","page","type-page","status-publish","hentry"],"featured_image_src":null,"featured_image_src_square":null,"_links":{"self":[{"href":"https:\/\/gat-systems.com\/es\/wp-json\/wp\/v2\/pages\/307","targetHints":{"allow":["GET"]}}],"collection":[{"href":"https:\/\/gat-systems.com\/es\/wp-json\/wp\/v2\/pages"}],"about":[{"href":"https:\/\/gat-systems.com\/es\/wp-json\/wp\/v2\/types\/page"}],"author":[{"embeddable":true,"href":"https:\/\/gat-systems.com\/es\/wp-json\/wp\/v2\/users\/2"}],"replies":[{"embeddable":true,"href":"https:\/\/gat-systems.com\/es\/wp-json\/wp\/v2\/comments?post=307"}],"version-history":[{"count":0,"href":"https:\/\/gat-systems.com\/es\/wp-json\/wp\/v2\/pages\/307\/revisions"}],"up":[{"embeddable":true,"href":"https:\/\/gat-systems.com\/es\/wp-json\/wp\/v2\/pages\/146"}],"wp:attachment":[{"href":"https:\/\/gat-systems.com\/es\/wp-json\/wp\/v2\/media?parent=307"}],"curies":[{"name":"wp","href":"https:\/\/api.w.org\/{rel}","templated":true}]}}