{"id":306,"date":"2024-05-22T12:09:57","date_gmt":"2024-05-22T12:09:57","guid":{"rendered":"https:\/\/gatsystems2024.wpenginepowered.com\/?page_id=306"},"modified":"2024-05-22T12:14:44","modified_gmt":"2024-05-22T12:14:44","slug":"installation-2","status":"publish","type":"page","link":"https:\/\/gat-systems.com\/es\/custom-finishing-system\/installation-2\/","title":{"rendered":"Instalaci\u00f3n"},"content":{"rendered":"<div data-elementor-type=\"wp-page\" data-elementor-id=\"306\" class=\"elementor elementor-306\" data-elementor-post-type=\"page\">\n\t\t\t\t<div class=\"elementor-element elementor-element-dcf06a1 e-flex e-con-boxed e-con e-parent\" data-id=\"dcf06a1\" data-element_type=\"container\" data-e-type=\"container\" data-settings=\"{&quot;background_background&quot;:&quot;classic&quot;}\">\n\t\t\t\t\t<div class=\"e-con-inner\">\n\t\t\t\t<div class=\"elementor-element elementor-element-a6b926c elementor-widget elementor-widget-heading\" data-id=\"a6b926c\" data-element_type=\"widget\" data-e-type=\"widget\" data-widget_type=\"heading.default\">\n\t\t\t\t\t<h1 class=\"elementor-heading-title elementor-size-default\">Installation of Custom Finishing Systems\n<\/h1>\t\t\t\t<\/div>\n\t\t\t\t\t<\/div>\n\t\t\t\t<\/div>\n\t\t<div class=\"elementor-element elementor-element-80d6580 e-flex e-con-boxed e-con e-parent\" data-id=\"80d6580\" data-element_type=\"container\" data-e-type=\"container\" data-settings=\"{&quot;background_background&quot;:&quot;classic&quot;}\">\n\t\t\t\t\t<div class=\"e-con-inner\">\n\t\t\t\t<div class=\"elementor-element elementor-element-8b4b599 elementor-widget elementor-widget-heading\" data-id=\"8b4b599\" data-element_type=\"widget\" data-e-type=\"widget\" data-widget_type=\"heading.default\">\n\t\t\t\t\t<h2 class=\"elementor-heading-title elementor-size-default\">\u00bfEn qui\u00e9n puede confiar para instalar su pr\u00f3ximo sistema de acabado personalizado? Hay s\u00f3lo una respuesta: TAG.\n<\/h2>\t\t\t\t<\/div>\n\t\t\t\t<div class=\"elementor-element elementor-element-16e1743 elementor-widget elementor-widget-text-editor\" data-id=\"16e1743\" data-element_type=\"widget\" data-e-type=\"widget\" data-widget_type=\"text-editor.default\">\n\t\t\t\t\t\t\t\t\t<p>You\u2019re paying for an exceptional finishing system to help your parts look their best. You can\u2019t afford to have just anybody install your system. When it comes to your system installation, the last words you want to hear are \u201cbroken,\u201d \u201cmissing,\u201d \u201cmaybe,\u201d or \u201cwrong.\u201d<\/p><p>General Automatic Transfer has a veteran team of trained and experienced installers who take pride in putting our names next to our work. This includes our installation process. We want to ensure your new custom finishing system is positioned exactly right to function the right way. Nobody knows your system better than we do when it comes to installation. It\u2019s also why we make the installation process as pain-free as possible with turnkey service through startup commissioning.<\/p>\t\t\t\t\t\t\t\t<\/div>\n\t\t\t\t<div class=\"elementor-element elementor-element-4e5479a elementor-widget elementor-widget-heading\" data-id=\"4e5479a\" data-element_type=\"widget\" data-e-type=\"widget\" data-widget_type=\"heading.default\">\n\t\t\t\t\t<h2 class=\"elementor-heading-title elementor-size-default\">GAT ofrece sistemas de acabado personalizados llave en mano\n<\/h2>\t\t\t\t<\/div>\n\t\t\t\t<div class=\"elementor-element elementor-element-e1d5b17 elementor-widget elementor-widget-text-editor\" data-id=\"e1d5b17\" data-element_type=\"widget\" data-e-type=\"widget\" data-widget_type=\"text-editor.default\">\n\t\t\t\t\t\t\t\t\t<p>You may wonder, \u201cHow can a custom system be turnkey? Shouldn\u2019t it be more complicated than a few steps of installation?\u201d This may be a surprise, but this isn\u2019t our first time creating and installing a new custom finishing system.<\/p><p>Since 1958, our team invested countless hours developing seamless manufacturing, construction, and installation processes. We can install your entire system in only a handful of steps. Within a short period of time, your system can be ready to run your parts through and avoid any downtime past the original startup.<\/p>\t\t\t\t\t\t\t\t<\/div>\n\t\t\t\t<div class=\"elementor-element elementor-element-989b3d5 elementor-widget elementor-widget-heading\" data-id=\"989b3d5\" data-element_type=\"widget\" data-e-type=\"widget\" data-widget_type=\"heading.default\">\n\t\t\t\t\t<h2 class=\"elementor-heading-title elementor-size-default\">Ventajas de los sistemas de acabado llave en mano\n<\/h2>\t\t\t\t<\/div>\n\t\t\t\t<div class=\"elementor-element elementor-element-ebbf4c8 elementor-widget elementor-widget-text-editor\" data-id=\"ebbf4c8\" data-element_type=\"widget\" data-e-type=\"widget\" data-widget_type=\"text-editor.default\">\n\t\t\t\t\t\t\t\t\t<ul><li>Pr\u00e1cticamente no se pierde tiempo gracias a la eficacia de la instalaci\u00f3n.<\/li><li>Nuestro equipo GAT asume la responsabilidad de la mayor parte de la programaci\u00f3n y la mano de obra que implica la instalaci\u00f3n de su nuevo sistema.<\/li><li>El tiempo de respuesta es relativamente r\u00e1pido: entre una semana y tres meses, dependiendo del tama\u00f1o y el alcance del sistema.<\/li><\/ul>\t\t\t\t\t\t\t\t<\/div>\n\t\t\t\t<div class=\"elementor-element elementor-element-8b899f9 elementor-widget elementor-widget-heading\" data-id=\"8b899f9\" data-element_type=\"widget\" data-e-type=\"widget\" data-widget_type=\"heading.default\">\n\t\t\t\t\t<h2 class=\"elementor-heading-title elementor-size-default\">La instalaci\u00f3n modular acelera los plazos\n<\/h2>\t\t\t\t<\/div>\n\t\t\t\t<div class=\"elementor-element elementor-element-d8de0c9 elementor-widget elementor-widget-text-editor\" data-id=\"d8de0c9\" data-element_type=\"widget\" data-e-type=\"widget\" data-widget_type=\"text-editor.default\">\n\t\t\t\t\t\t\t\t\t<p>Our GAT team uses a modular installation approach that helps us stay on time and on budget. A majority of all GAT installations are completed by our full in-house install crew. Approximately 90% of their work is specific to GAT and the team\u2019s vast experience spans more than 30 years in the business.<\/p><p>When your new system is ready for installation, it\u2019s loaded at GAT using industry-standard rigging and transported to your manufacturing site. Our installation covers all the final details and gets your system fine-tuned for optimal efficiency.<\/p>\t\t\t\t\t\t\t\t<\/div>\n\t\t\t\t\t<\/div>\n\t\t\t\t<\/div>\n\t\t<div class=\"elementor-element elementor-element-5ef6e25 e-flex e-con-boxed e-con e-parent\" data-id=\"5ef6e25\" data-element_type=\"container\" data-e-type=\"container\" data-settings=\"{&quot;background_background&quot;:&quot;classic&quot;}\">\n\t\t\t\t\t<div class=\"e-con-inner\">\n\t\t\t\t<div class=\"elementor-element elementor-element-827da67 elementor-widget elementor-widget-heading\" data-id=\"827da67\" data-element_type=\"widget\" data-e-type=\"widget\" data-widget_type=\"heading.default\">\n\t\t\t\t\t<h2 class=\"elementor-heading-title elementor-size-default\">Get a Quote for Your Next Custom Finishing System\n<\/h2>\t\t\t\t<\/div>\n\t\t\t\t<div class=\"elementor-element elementor-element-43efa5e elementor-widget elementor-widget-heading\" data-id=\"43efa5e\" data-element_type=\"widget\" data-e-type=\"widget\" data-widget_type=\"heading.default\">\n\t\t\t\t\t<p class=\"elementor-heading-title elementor-size-default\">Requesting a quote is your first step in creating your next custom finishing system. Fill out the form below to start your personalized quote.\n<\/p>\t\t\t\t<\/div>\n\t\t\t\t<div class=\"elementor-element elementor-element-54e6553 elementor-widget-mobile__width-initial elementor-align-center elementor-widget elementor-widget-button\" data-id=\"54e6553\" data-element_type=\"widget\" data-e-type=\"widget\" data-widget_type=\"button.default\">\n\t\t\t\t\t\t\t\t\t\t<a class=\"elementor-button elementor-button-link elementor-size-sm elementor-animation-grow\" href=\"\/es\/request-a-quote\/\">\n\t\t\t\t\t\t<span class=\"elementor-button-content-wrapper\">\n\t\t\t\t\t\t\t\t\t<span class=\"elementor-button-text\">Solicitar una cotizaci\u00f3n<\/span>\n\t\t\t\t\t<\/span>\n\t\t\t\t\t<\/a>\n\t\t\t\t\t\t\t\t<\/div>\n\t\t\t\t\t<\/div>\n\t\t\t\t<\/div>\n\t\t\t\t<\/div>","protected":false},"excerpt":{"rendered":"<p>Installation of Custom Finishing Systems Who Can You Trust to Install Your Next Custom Finishing System? There\u2019s only one answer: GAT. You\u2019re paying for an exceptional finishing system to help your parts look their best. You can\u2019t afford to have just anybody install your system. When it comes to your system installation, the last words [&hellip;]<\/p>\n","protected":false},"author":2,"featured_media":0,"parent":146,"menu_order":0,"comment_status":"closed","ping_status":"closed","template":"","meta":{"footnotes":""},"class_list":["post-306","page","type-page","status-publish","hentry"],"featured_image_src":null,"featured_image_src_square":null,"_links":{"self":[{"href":"https:\/\/gat-systems.com\/es\/wp-json\/wp\/v2\/pages\/306","targetHints":{"allow":["GET"]}}],"collection":[{"href":"https:\/\/gat-systems.com\/es\/wp-json\/wp\/v2\/pages"}],"about":[{"href":"https:\/\/gat-systems.com\/es\/wp-json\/wp\/v2\/types\/page"}],"author":[{"embeddable":true,"href":"https:\/\/gat-systems.com\/es\/wp-json\/wp\/v2\/users\/2"}],"replies":[{"embeddable":true,"href":"https:\/\/gat-systems.com\/es\/wp-json\/wp\/v2\/comments?post=306"}],"version-history":[{"count":0,"href":"https:\/\/gat-systems.com\/es\/wp-json\/wp\/v2\/pages\/306\/revisions"}],"up":[{"embeddable":true,"href":"https:\/\/gat-systems.com\/es\/wp-json\/wp\/v2\/pages\/146"}],"wp:attachment":[{"href":"https:\/\/gat-systems.com\/es\/wp-json\/wp\/v2\/media?parent=306"}],"curies":[{"name":"wp","href":"https:\/\/api.w.org\/{rel}","templated":true}]}}