{"id":271,"date":"2024-05-22T10:19:18","date_gmt":"2024-05-22T10:19:18","guid":{"rendered":"https:\/\/gatsystems2024.wpenginepowered.com\/?page_id=271"},"modified":"2024-05-22T11:05:33","modified_gmt":"2024-05-22T11:05:33","slug":"customer-stories","status":"publish","type":"page","link":"https:\/\/gat-systems.com\/es\/customer-stories\/","title":{"rendered":"Historias de clientes"},"content":{"rendered":"<div data-elementor-type=\"wp-page\" data-elementor-id=\"271\" class=\"elementor elementor-271\" data-elementor-post-type=\"page\">\n\t\t\t\t<div class=\"elementor-element elementor-element-f5dbcdf e-flex e-con-boxed e-con e-parent\" data-id=\"f5dbcdf\" data-element_type=\"container\" data-e-type=\"container\" data-settings=\"{&quot;background_background&quot;:&quot;classic&quot;}\">\n\t\t\t\t\t<div class=\"e-con-inner\">\n\t\t\t\t<div class=\"elementor-element elementor-element-5a7dc9f elementor-widget elementor-widget-heading\" data-id=\"5a7dc9f\" data-element_type=\"widget\" data-e-type=\"widget\" data-widget_type=\"heading.default\">\n\t\t\t\t\t<h1 class=\"elementor-heading-title elementor-size-default\">Historias de clientes<\/h1>\t\t\t\t<\/div>\n\t\t\t\t\t<\/div>\n\t\t\t\t<\/div>\n\t\t<div class=\"elementor-element elementor-element-cbafc30 e-flex e-con-boxed e-con e-parent\" data-id=\"cbafc30\" data-element_type=\"container\" data-e-type=\"container\" data-settings=\"{&quot;background_background&quot;:&quot;classic&quot;}\">\n\t\t\t\t\t<div class=\"e-con-inner\">\n\t\t\t\t<div class=\"elementor-element elementor-element-29556fb elementor-grid-2 elementor-grid-tablet-2 elementor-grid-mobile-1 elementor-posts--thumbnail-top elementor-card-shadow-yes elementor-posts__hover-gradient elementor-widget elementor-widget-posts\" data-id=\"29556fb\" data-element_type=\"widget\" data-e-type=\"widget\" data-settings=\"{&quot;cards_columns&quot;:&quot;2&quot;,&quot;cards_columns_tablet&quot;:&quot;2&quot;,&quot;cards_columns_mobile&quot;:&quot;1&quot;,&quot;cards_row_gap&quot;:{&quot;unit&quot;:&quot;px&quot;,&quot;size&quot;:35,&quot;sizes&quot;:[]},&quot;cards_row_gap_tablet&quot;:{&quot;unit&quot;:&quot;px&quot;,&quot;size&quot;:&quot;&quot;,&quot;sizes&quot;:[]},&quot;cards_row_gap_mobile&quot;:{&quot;unit&quot;:&quot;px&quot;,&quot;size&quot;:&quot;&quot;,&quot;sizes&quot;:[]}}\" data-widget_type=\"posts.cards\">\n\t\t\t\t<div class=\"elementor-widget-container\">\n\t\t\t\t\t\t\t<div class=\"elementor-posts-container elementor-posts elementor-posts--skin-cards elementor-grid\" role=\"list\">\n\t\t\t\t<article class=\"elementor-post elementor-grid-item post-290 customer-stories type-customer-stories status-publish has-post-thumbnail hentry\" role=\"listitem\">\n\t\t\t<div class=\"elementor-post__card\">\n\t\t\t\t<a class=\"elementor-post__thumbnail__link\" href=\"https:\/\/gat-systems.com\/es\/customer-stories\/santa-rosa-systems\/\" tabindex=\"-1\" ><div class=\"elementor-post__thumbnail\"><img fetchpriority=\"high\" decoding=\"async\" width=\"300\" height=\"200\" src=\"https:\/\/gat-systems.com\/wp-content\/uploads\/2024\/05\/img_CaseStudy_SantaRosa-1-1024x684-1-300x200.webp\" class=\"attachment-medium size-medium wp-image-76\" alt=\"\" srcset=\"https:\/\/gat-systems.com\/wp-content\/uploads\/2024\/05\/img_CaseStudy_SantaRosa-1-1024x684-1-300x200.webp 300w, https:\/\/gat-systems.com\/wp-content\/uploads\/2024\/05\/img_CaseStudy_SantaRosa-1-1024x684-1-768x513.webp 768w, https:\/\/gat-systems.com\/wp-content\/uploads\/2024\/05\/img_CaseStudy_SantaRosa-1-1024x684-1-600x400.webp 600w, https:\/\/gat-systems.com\/wp-content\/uploads\/2024\/05\/img_CaseStudy_SantaRosa-1-1024x684-1.webp 1024w\" sizes=\"(max-width: 300px) 100vw, 300px\" \/><\/div><\/a>\n\t\t\t\t<div class=\"elementor-post__text\">\n\t\t\t\t<h3 class=\"elementor-post__title\">\n\t\t\t<a href=\"https:\/\/gat-systems.com\/es\/customer-stories\/santa-rosa-systems\/\" >\n\t\t\t\tSistemas Santa Rosa\t\t\t<\/a>\n\t\t<\/h3>\n\t\t\t\t<div class=\"elementor-post__excerpt\">\n\t\t\t<p>A medida que aumentan las necesidades de los clientes, se necesitan nuevas soluciones para cumplir las cuotas y mantenerlos satisfechos.<\/p>\n\t\t<\/div>\n\t\t\t\t\t<div class=\"elementor-post__read-more-wrapper\">\n\t\t\n\t\t<a class=\"elementor-post__read-more\" href=\"https:\/\/gat-systems.com\/es\/customer-stories\/santa-rosa-systems\/\" aria-label=\"M\u00e1s informaci\u00f3n sobre Santa Rosa Systems\" tabindex=\"-1\" >\n\t\t\tLeer M\u00e1s \"\t\t<\/a>\n\n\t\t\t\t\t<\/div>\n\t\t\t\t<\/div>\n\t\t\t\t<div class=\"elementor-post__meta-data\">\n\t\t\t\t\t<span class=\"elementor-post-date\">\n\t\t\t22 de mayo de 2024\t\t<\/span>\n\t\t\t\t<\/div>\n\t\t\t\t\t<\/div>\n\t\t<\/article>\n\t\t\t\t<article class=\"elementor-post elementor-grid-item post-292 customer-stories type-customer-stories status-publish has-post-thumbnail hentry\" role=\"listitem\">\n\t\t\t<div class=\"elementor-post__card\">\n\t\t\t\t<a class=\"elementor-post__thumbnail__link\" href=\"https:\/\/gat-systems.com\/es\/customer-stories\/tracker-marine\/\" tabindex=\"-1\" ><div class=\"elementor-post__thumbnail\"><img decoding=\"async\" width=\"300\" height=\"168\" src=\"https:\/\/gat-systems.com\/wp-content\/uploads\/2024\/05\/img_CaseStudy_Tracker-300x168.webp\" class=\"attachment-medium size-medium wp-image-301\" alt=\"\" srcset=\"https:\/\/gat-systems.com\/wp-content\/uploads\/2024\/05\/img_CaseStudy_Tracker-300x168.webp 300w, https:\/\/gat-systems.com\/wp-content\/uploads\/2024\/05\/img_CaseStudy_Tracker-1024x575.webp 1024w, https:\/\/gat-systems.com\/wp-content\/uploads\/2024\/05\/img_CaseStudy_Tracker-768x431.webp 768w, https:\/\/gat-systems.com\/wp-content\/uploads\/2024\/05\/img_CaseStudy_Tracker-1536x862.webp 1536w, https:\/\/gat-systems.com\/wp-content\/uploads\/2024\/05\/img_CaseStudy_Tracker.webp 1600w\" sizes=\"(max-width: 300px) 100vw, 300px\" \/><\/div><\/a>\n\t\t\t\t<div class=\"elementor-post__text\">\n\t\t\t\t<h3 class=\"elementor-post__title\">\n\t\t\t<a href=\"https:\/\/gat-systems.com\/es\/customer-stories\/tracker-marine\/\" >\n\t\t\t\tTracker Marine\t\t\t<\/a>\n\t\t<\/h3>\n\t\t\t\t<div class=\"elementor-post__excerpt\">\n\t\t\t<p>Hab\u00eda que sustituir una antigua l\u00ednea de acabado para cumplir las limitaciones de COV, as\u00ed que era el momento perfecto para pasar de \"suficientemente bueno\" a \"\u00f3ptimo\".<\/p>\n\t\t<\/div>\n\t\t\t\t\t<div class=\"elementor-post__read-more-wrapper\">\n\t\t\n\t\t<a class=\"elementor-post__read-more\" href=\"https:\/\/gat-systems.com\/es\/customer-stories\/tracker-marine\/\" aria-label=\"M\u00e1s informaci\u00f3n sobre Tracker Marine\" tabindex=\"-1\" >\n\t\t\tLeer M\u00e1s \"\t\t<\/a>\n\n\t\t\t\t\t<\/div>\n\t\t\t\t<\/div>\n\t\t\t\t<div class=\"elementor-post__meta-data\">\n\t\t\t\t\t<span class=\"elementor-post-date\">\n\t\t\t22 de mayo de 2024\t\t<\/span>\n\t\t\t\t<\/div>\n\t\t\t\t\t<\/div>\n\t\t<\/article>\n\t\t\t\t<article class=\"elementor-post elementor-grid-item post-291 customer-stories type-customer-stories status-publish has-post-thumbnail hentry\" role=\"listitem\">\n\t\t\t<div class=\"elementor-post__card\">\n\t\t\t\t<a class=\"elementor-post__thumbnail__link\" href=\"https:\/\/gat-systems.com\/es\/customer-stories\/setina\/\" tabindex=\"-1\" ><div class=\"elementor-post__thumbnail\"><img decoding=\"async\" width=\"300\" height=\"168\" src=\"https:\/\/gat-systems.com\/wp-content\/uploads\/2024\/05\/img_CaseStudy_Setina-1-300x168.webp\" class=\"attachment-medium size-medium wp-image-293\" alt=\"\" srcset=\"https:\/\/gat-systems.com\/wp-content\/uploads\/2024\/05\/img_CaseStudy_Setina-1-300x168.webp 300w, https:\/\/gat-systems.com\/wp-content\/uploads\/2024\/05\/img_CaseStudy_Setina-1-1024x575.webp 1024w, https:\/\/gat-systems.com\/wp-content\/uploads\/2024\/05\/img_CaseStudy_Setina-1-768x431.webp 768w, https:\/\/gat-systems.com\/wp-content\/uploads\/2024\/05\/img_CaseStudy_Setina-1-1536x862.webp 1536w, https:\/\/gat-systems.com\/wp-content\/uploads\/2024\/05\/img_CaseStudy_Setina-1.webp 1600w\" sizes=\"(max-width: 300px) 100vw, 300px\" \/><\/div><\/a>\n\t\t\t\t<div class=\"elementor-post__text\">\n\t\t\t\t<h3 class=\"elementor-post__title\">\n\t\t\t<a href=\"https:\/\/gat-systems.com\/es\/customer-stories\/setina\/\" >\n\t\t\t\tSetina\t\t\t<\/a>\n\t\t<\/h3>\n\t\t\t\t<div class=\"elementor-post__excerpt\">\n\t\t\t<p>Cuando llegue el momento de actualizar una l\u00ednea de proceso antigua, realice actualizaciones que creen un sistema construido para durar muchos a\u00f1os.<\/p>\n\t\t<\/div>\n\t\t\t\t\t<div class=\"elementor-post__read-more-wrapper\">\n\t\t\n\t\t<a class=\"elementor-post__read-more\" href=\"https:\/\/gat-systems.com\/es\/customer-stories\/setina\/\" aria-label=\"M\u00e1s informaci\u00f3n sobre Setina\" tabindex=\"-1\" >\n\t\t\tLeer M\u00e1s \"\t\t<\/a>\n\n\t\t\t\t\t<\/div>\n\t\t\t\t<\/div>\n\t\t\t\t<div class=\"elementor-post__meta-data\">\n\t\t\t\t\t<span class=\"elementor-post-date\">\n\t\t\t22 de mayo de 2024\t\t<\/span>\n\t\t\t\t<\/div>\n\t\t\t\t\t<\/div>\n\t\t<\/article>\n\t\t\t\t<\/div>\n\t\t\n\t\t\t\t\t\t<\/div>\n\t\t\t\t<\/div>\n\t\t\t\t\t<\/div>\n\t\t\t\t<\/div>\n\t\t\t\t<\/div>","protected":false},"excerpt":{"rendered":"<p>Historias de clientes<\/p>","protected":false},"author":2,"featured_media":0,"parent":0,"menu_order":0,"comment_status":"closed","ping_status":"closed","template":"","meta":{"footnotes":""},"class_list":["post-271","page","type-page","status-publish","hentry"],"featured_image_src":null,"featured_image_src_square":null,"_links":{"self":[{"href":"https:\/\/gat-systems.com\/es\/wp-json\/wp\/v2\/pages\/271","targetHints":{"allow":["GET"]}}],"collection":[{"href":"https:\/\/gat-systems.com\/es\/wp-json\/wp\/v2\/pages"}],"about":[{"href":"https:\/\/gat-systems.com\/es\/wp-json\/wp\/v2\/types\/page"}],"author":[{"embeddable":true,"href":"https:\/\/gat-systems.com\/es\/wp-json\/wp\/v2\/users\/2"}],"replies":[{"embeddable":true,"href":"https:\/\/gat-systems.com\/es\/wp-json\/wp\/v2\/comments?post=271"}],"version-history":[{"count":0,"href":"https:\/\/gat-systems.com\/es\/wp-json\/wp\/v2\/pages\/271\/revisions"}],"wp:attachment":[{"href":"https:\/\/gat-systems.com\/es\/wp-json\/wp\/v2\/media?parent=271"}],"curies":[{"name":"wp","href":"https:\/\/api.w.org\/{rel}","templated":true}]}}