{"id":151,"date":"2024-05-21T17:05:03","date_gmt":"2024-05-21T17:05:03","guid":{"rendered":"https:\/\/gatsystems2024.wpenginepowered.com\/?page_id=151"},"modified":"2025-06-06T11:40:35","modified_gmt":"2025-06-06T11:40:35","slug":"innovations","status":"publish","type":"page","link":"https:\/\/gat-systems.com\/es\/innovations\/","title":{"rendered":"Innovaciones"},"content":{"rendered":"<div data-elementor-type=\"wp-page\" data-elementor-id=\"151\" class=\"elementor elementor-151\" data-elementor-post-type=\"page\">\n\t\t\t\t<div class=\"elementor-element elementor-element-12a5588 e-flex e-con-boxed e-con e-parent\" data-id=\"12a5588\" data-element_type=\"container\" data-e-type=\"container\" data-settings=\"{&quot;background_background&quot;:&quot;classic&quot;}\">\n\t\t\t\t\t<div class=\"e-con-inner\">\n\t\t\t\t<div class=\"elementor-element elementor-element-f0e84db elementor-widget elementor-widget-heading\" data-id=\"f0e84db\" data-element_type=\"widget\" data-e-type=\"widget\" data-widget_type=\"heading.default\">\n\t\t\t\t\t<h1 class=\"elementor-heading-title elementor-size-default\">Innovaciones que impulsan la l\u00ednea de acabado moderna<\/h1>\t\t\t\t<\/div>\n\t\t\t\t\t<\/div>\n\t\t\t\t<\/div>\n\t\t<div class=\"elementor-element elementor-element-c077360 e-flex e-con-boxed e-con e-parent\" data-id=\"c077360\" data-element_type=\"container\" data-e-type=\"container\" data-settings=\"{&quot;background_background&quot;:&quot;classic&quot;}\">\n\t\t\t\t\t<div class=\"e-con-inner\">\n\t\t\t\t<div class=\"elementor-element elementor-element-31a7085 elementor-widget elementor-widget-text-editor\" data-id=\"31a7085\" data-element_type=\"widget\" data-e-type=\"widget\" data-widget_type=\"text-editor.default\">\n\t\t\t\t\t\t\t\t\t<p data-pm-slice=\"1 1 []\" class=\"translation-block\">Desde 1958, GAT ha convertido los problemas reales de producci\u00f3n en innovaciones patentadas y comprobadas en el campo. Explore las principales <strong>innovaciones en sistemas de acabado<\/strong> que reducen el consumo de energ\u00eda, prolongan la vida \u00fatil del equipo y aumentan la productividad en cientos de l\u00edneas de pintura y recubrimiento en polvo.<\/p>\t\t\t\t\t\t\t\t<\/div>\n\t\t\t\t<div class=\"elementor-element elementor-element-5d84b16 elementor-widget elementor-widget-heading\" data-id=\"5d84b16\" data-element_type=\"widget\" data-e-type=\"widget\" data-widget_type=\"heading.default\">\n\t\t\t\t\t<h2 class=\"elementor-heading-title elementor-size-default\">P\u00eddale a GAT que cree su pr\u00f3ximo sistema de acabado personalizado<\/h2>\t\t\t\t<\/div>\n\t\t\t\t\t<\/div>\n\t\t\t\t<\/div>\n\t\t<div class=\"elementor-element elementor-element-8e721e9 e-flex e-con-boxed e-con e-parent\" data-id=\"8e721e9\" data-element_type=\"container\" data-e-type=\"container\" data-settings=\"{&quot;background_background&quot;:&quot;classic&quot;}\">\n\t\t\t\t\t<div class=\"e-con-inner\">\n\t\t<div class=\"elementor-element elementor-element-ea0de6e e-con-full e-flex e-con e-child\" data-id=\"ea0de6e\" data-element_type=\"container\" data-e-type=\"container\">\n\t\t\t\t<div class=\"elementor-element elementor-element-fadd4ff elementor-widget elementor-widget-heading\" data-id=\"fadd4ff\" data-element_type=\"widget\" data-e-type=\"widget\" data-widget_type=\"heading.default\">\n\t\t\t\t\t<h2 class=\"elementor-heading-title elementor-size-default\">Arandelas de polipropileno<\/h2>\t\t\t\t<\/div>\n\t\t\t\t<div class=\"elementor-element elementor-element-1a63952 elementor-widget elementor-widget-heading\" data-id=\"1a63952\" data-element_type=\"widget\" data-e-type=\"widget\" data-widget_type=\"heading.default\">\n\t\t\t\t\t<p class=\"elementor-heading-title elementor-size-default\">Luz. Durable<\/p>\t\t\t\t<\/div>\n\t\t\t\t<div class=\"elementor-element elementor-element-560e078 elementor-widget elementor-widget-text-editor\" data-id=\"560e078\" data-element_type=\"widget\" data-e-type=\"widget\" data-widget_type=\"text-editor.default\">\n\t\t\t\t\t\t\t\t\t<p>Hace muchos a\u00f1os, el acero no inoxidable era el est\u00e1ndar para los equipos, pero presentaba muchas desventajas. Los productos qu\u00edmicos agresivos y la oxidaci\u00f3n degradan el acero, lo que obliga a reemplazarlo peri\u00f3dicamente. Si bien el acero inoxidable estaba disponible y se utilizaba, su costo inicial era elevado y su funcionamiento era menos eficiente.<\/p><p>La carcasa de polipropileno para lavadoras de GAT, patentada en 1991, es el mismo material que se utiliza para fabricar los contenedores en los que se transportan los productos qu\u00edmicos, ya que no se degrada con el tiempo y es m\u00e1s rentable. Las carcasas de polipropileno no son higrosc\u00f3picas, por lo que son ideales para entornos h\u00famedos gracias a su resistencia a la incrustaci\u00f3n. El polipropileno genera ahorros de energ\u00eda, ya que requiere entre un 20 % y un 40 % menos de energ\u00eda para funcionar gracias a su bajo coeficiente de transferencia de calor, lo que convierte a GAT en una de las primeras empresas en adoptar pr\u00e1cticas de acabado ecol\u00f3gico.<\/p><p>Adem\u00e1s, el polipropileno permite una mejor iluminaci\u00f3n en el entorno de trabajo gracias a su translucidez, lo que crea un entorno de trabajo m\u00e1s seguro y con mayor visibilidad. Las carcasas de polipropileno de GAT ofrecen soluciones \u00fanicas que benefician tanto a los propietarios y operadores como al t\u00e9cnico de mantenimiento de la planta.<\/p>\t\t\t\t\t\t\t\t<\/div>\n\t\t\t\t<\/div>\n\t\t<div class=\"elementor-element elementor-element-1df42cf e-con-full e-flex e-con e-child\" data-id=\"1df42cf\" data-element_type=\"container\" data-e-type=\"container\">\n\t\t\t\t<div class=\"elementor-element elementor-element-a58ac1d elementor-widget elementor-widget-image\" data-id=\"a58ac1d\" data-element_type=\"widget\" data-e-type=\"widget\" data-widget_type=\"image.default\">\n\t\t\t\t\t\t\t\t\t\t\t\t\t\t\t<img fetchpriority=\"high\" decoding=\"async\" width=\"800\" height=\"603\" src=\"https:\/\/gat-systems.com\/wp-content\/uploads\/2024\/05\/Washer-2.webp\" class=\"attachment-large size-large wp-image-153\" alt=\"\" srcset=\"https:\/\/gat-systems.com\/wp-content\/uploads\/2024\/05\/Washer-2.webp 1000w, https:\/\/gat-systems.com\/wp-content\/uploads\/2024\/05\/Washer-2-300x226.webp 300w, https:\/\/gat-systems.com\/wp-content\/uploads\/2024\/05\/Washer-2-768x579.webp 768w\" sizes=\"(max-width: 800px) 100vw, 800px\" \/>\t\t\t\t\t\t\t\t\t\t\t\t\t\t\t<\/div>\n\t\t\t\t<\/div>\n\t\t\t\t\t<\/div>\n\t\t\t\t<\/div>\n\t\t<div class=\"elementor-element elementor-element-feee266 e-flex e-con-boxed e-con e-parent\" data-id=\"feee266\" data-element_type=\"container\" data-e-type=\"container\" data-settings=\"{&quot;background_background&quot;:&quot;classic&quot;}\">\n\t\t\t\t\t<div class=\"e-con-inner\">\n\t\t<div class=\"elementor-element elementor-element-45bc7a5 e-con-full e-flex e-con e-child\" data-id=\"45bc7a5\" data-element_type=\"container\" data-e-type=\"container\">\n\t\t\t\t<div class=\"elementor-element elementor-element-3aef2e8 elementor-widget elementor-widget-image\" data-id=\"3aef2e8\" data-element_type=\"widget\" data-e-type=\"widget\" data-widget_type=\"image.default\">\n\t\t\t\t\t\t\t\t\t\t\t\t\t\t\t<img decoding=\"async\" width=\"720\" height=\"433\" src=\"https:\/\/gat-systems.com\/wp-content\/uploads\/2024\/05\/bg_innovations_2-1.webp\" class=\"attachment-large size-large wp-image-49\" alt=\"\" srcset=\"https:\/\/gat-systems.com\/wp-content\/uploads\/2024\/05\/bg_innovations_2-1.webp 720w, https:\/\/gat-systems.com\/wp-content\/uploads\/2024\/05\/bg_innovations_2-1-300x180.webp 300w\" sizes=\"(max-width: 720px) 100vw, 720px\" \/>\t\t\t\t\t\t\t\t\t\t\t\t\t\t\t<\/div>\n\t\t\t\t<\/div>\n\t\t<div class=\"elementor-element elementor-element-b49d51e e-con-full e-flex e-con e-child\" data-id=\"b49d51e\" data-element_type=\"container\" data-e-type=\"container\">\n\t\t\t\t<div class=\"elementor-element elementor-element-59528e2 elementor-widget elementor-widget-heading\" data-id=\"59528e2\" data-element_type=\"widget\" data-e-type=\"widget\" data-widget_type=\"heading.default\">\n\t\t\t\t\t<h2 class=\"elementor-heading-title elementor-size-default\">Intercambio de calor <\/h2>\t\t\t\t<\/div>\n\t\t\t\t<div class=\"elementor-element elementor-element-5788217 elementor-widget elementor-widget-heading\" data-id=\"5788217\" data-element_type=\"widget\" data-e-type=\"widget\" data-widget_type=\"heading.default\">\n\t\t\t\t\t<p class=\"elementor-heading-title elementor-size-default\"> Verde y EFICIENTE<\/p>\t\t\t\t<\/div>\n\t\t\t\t<div class=\"elementor-element elementor-element-3d72b26 elementor-widget elementor-widget-text-editor\" data-id=\"3d72b26\" data-element_type=\"widget\" data-e-type=\"widget\" data-widget_type=\"text-editor.default\">\n\t\t\t\t\t\t\t\t\t<p>A principios de la d\u00e9cada de 1960, GAT se convirti\u00f3 en el fabricante pionero de equipos optimizados para el intercambio de calor. Ofrecemos un dise\u00f1o innovador y de primera clase de equipos de alto intercambio. En comparaci\u00f3n con el est\u00e1ndar de la industria, los equipos GAT duplican la superficie de intercambio, duplicando as\u00ed la transferencia de calor al tanque, como lo demuestra nuestra baja temperatura de salida del gas del intercambiador de calor, l\u00edder en la industria. Esto se traduce en menores tasas de escape, menor consumo de gas natural y menores costos operativos. Al transferir m\u00e1s calor al agua y menos al escape de la chimenea, se obtienen beneficios en el resultado final.<\/p>\t\t\t\t\t\t\t\t<\/div>\n\t\t\t\t<\/div>\n\t\t\t\t\t<\/div>\n\t\t\t\t<\/div>\n\t\t<div class=\"elementor-element elementor-element-d6e3326 e-flex e-con-boxed e-con e-parent\" data-id=\"d6e3326\" data-element_type=\"container\" data-e-type=\"container\" data-settings=\"{&quot;background_background&quot;:&quot;classic&quot;}\">\n\t\t\t\t\t<div class=\"e-con-inner\">\n\t\t<div class=\"elementor-element elementor-element-d9b3ed0 e-con-full e-flex e-con e-child\" data-id=\"d9b3ed0\" data-element_type=\"container\" data-e-type=\"container\">\n\t\t\t\t<div class=\"elementor-element elementor-element-5dd200a elementor-widget elementor-widget-heading\" data-id=\"5dd200a\" data-element_type=\"widget\" data-e-type=\"widget\" data-widget_type=\"heading.default\">\n\t\t\t\t\t<h2 class=\"elementor-heading-title elementor-size-default\">Sellos de aire\n<\/h2>\t\t\t\t<\/div>\n\t\t\t\t<div class=\"elementor-element elementor-element-6587a5c elementor-widget elementor-widget-heading\" data-id=\"6587a5c\" data-element_type=\"widget\" data-e-type=\"widget\" data-widget_type=\"heading.default\">\n\t\t\t\t\t<p class=\"elementor-heading-title elementor-size-default\">Ahorro de energ\u00eda<\/p>\t\t\t\t<\/div>\n\t\t\t\t<div class=\"elementor-element elementor-element-6c848aa elementor-widget elementor-widget-text-editor\" data-id=\"6c848aa\" data-element_type=\"widget\" data-e-type=\"widget\" data-widget_type=\"text-editor.default\">\n\t\t\t\t\t\t\t\t\t<p>En 1963, patentamos nuestros exclusivos sellos de aire gracias a su capacidad para eliminar la necesidad de sellos de aire por gravedad y permitir que los hornos funcionen con mayor eficiencia gracias a menores tasas de extracci\u00f3n y a la reducci\u00f3n de la p\u00e9rdida de calor. Esto se traduce en menores tasas de combusti\u00f3n de la caja del calentador y mayores ahorros para el cliente.<\/p>\t\t\t\t\t\t\t\t<\/div>\n\t\t\t\t<\/div>\n\t\t<div class=\"elementor-element elementor-element-98fb7f2 e-con-full e-flex e-con e-child\" data-id=\"98fb7f2\" data-element_type=\"container\" data-e-type=\"container\">\n\t\t\t\t<div class=\"elementor-element elementor-element-2d1023b elementor-widget elementor-widget-image\" data-id=\"2d1023b\" data-element_type=\"widget\" data-e-type=\"widget\" data-widget_type=\"image.default\">\n\t\t\t\t\t\t\t\t\t\t\t\t\t\t\t<img decoding=\"async\" width=\"800\" height=\"534\" src=\"https:\/\/gat-systems.com\/wp-content\/uploads\/2024\/05\/img_CaseStudy_SantaRosa-1-1024x684-1.webp\" class=\"attachment-large size-large wp-image-76\" alt=\"\" srcset=\"https:\/\/gat-systems.com\/wp-content\/uploads\/2024\/05\/img_CaseStudy_SantaRosa-1-1024x684-1.webp 1024w, https:\/\/gat-systems.com\/wp-content\/uploads\/2024\/05\/img_CaseStudy_SantaRosa-1-1024x684-1-300x200.webp 300w, https:\/\/gat-systems.com\/wp-content\/uploads\/2024\/05\/img_CaseStudy_SantaRosa-1-1024x684-1-768x513.webp 768w, https:\/\/gat-systems.com\/wp-content\/uploads\/2024\/05\/img_CaseStudy_SantaRosa-1-1024x684-1-600x400.webp 600w\" sizes=\"(max-width: 800px) 100vw, 800px\" \/>\t\t\t\t\t\t\t\t\t\t\t\t\t\t\t<\/div>\n\t\t\t\t<\/div>\n\t\t\t\t\t<\/div>\n\t\t\t\t<\/div>\n\t\t<div class=\"elementor-element elementor-element-7204ee4 e-flex e-con-boxed e-con e-parent\" data-id=\"7204ee4\" data-element_type=\"container\" data-e-type=\"container\" data-settings=\"{&quot;background_background&quot;:&quot;classic&quot;}\">\n\t\t\t\t\t<div class=\"e-con-inner\">\n\t\t<div class=\"elementor-element elementor-element-52bfa75 e-con-full e-flex e-con e-child\" data-id=\"52bfa75\" data-element_type=\"container\" data-e-type=\"container\">\n\t\t\t\t<div class=\"elementor-element elementor-element-0e081a5 elementor-widget elementor-widget-image\" data-id=\"0e081a5\" data-element_type=\"widget\" data-e-type=\"widget\" data-widget_type=\"image.default\">\n\t\t\t\t\t\t\t\t\t\t\t\t\t\t\t<img loading=\"lazy\" decoding=\"async\" width=\"800\" height=\"377\" src=\"https:\/\/gat-systems.com\/wp-content\/uploads\/2024\/05\/bg_default-page_hero-1024x483-1.webp\" class=\"attachment-large size-large wp-image-154\" alt=\"\" srcset=\"https:\/\/gat-systems.com\/wp-content\/uploads\/2024\/05\/bg_default-page_hero-1024x483-1.webp 1024w, https:\/\/gat-systems.com\/wp-content\/uploads\/2024\/05\/bg_default-page_hero-1024x483-1-300x142.webp 300w, https:\/\/gat-systems.com\/wp-content\/uploads\/2024\/05\/bg_default-page_hero-1024x483-1-768x362.webp 768w\" sizes=\"(max-width: 800px) 100vw, 800px\" \/>\t\t\t\t\t\t\t\t\t\t\t\t\t\t\t<\/div>\n\t\t\t\t<\/div>\n\t\t<div class=\"elementor-element elementor-element-c7713f3 e-con-full e-flex e-con e-child\" data-id=\"c7713f3\" data-element_type=\"container\" data-e-type=\"container\">\n\t\t\t\t<div class=\"elementor-element elementor-element-89d9308 elementor-widget elementor-widget-heading\" data-id=\"89d9308\" data-element_type=\"widget\" data-e-type=\"widget\" data-widget_type=\"heading.default\">\n\t\t\t\t\t<h2 class=\"elementor-heading-title elementor-size-default\">Dise\u00f1o de panel de horno<\/h2>\t\t\t\t<\/div>\n\t\t\t\t<div class=\"elementor-element elementor-element-b7e9a3f elementor-widget elementor-widget-heading\" data-id=\"b7e9a3f\" data-element_type=\"widget\" data-e-type=\"widget\" data-widget_type=\"heading.default\">\n\t\t\t\t\t<p class=\"elementor-heading-title elementor-size-default\">Mantenga el calor adentro\n<\/p>\t\t\t\t<\/div>\n\t\t\t\t<div class=\"elementor-element elementor-element-c7ad13f elementor-widget elementor-widget-text-editor\" data-id=\"c7ad13f\" data-element_type=\"widget\" data-e-type=\"widget\" data-widget_type=\"text-editor.default\">\n\t\t\t\t\t\t\t\t\t<p>Nuestro exclusivo dise\u00f1o de paneles para horno utiliza paneles m\u00e1s grandes, de 1.2 metros de ancho, en comparaci\u00f3n con los paneles est\u00e1ndar de 68 cm de ancho, soldados por puntos y ensamblados con clips. Esto permite reducir el acero pasante y utiliza una vig\u00e9sima parte de la se\u00f1al t\u00e9rmica de la junta en comparaci\u00f3n con los paneles con junta alzada. Los paneles tienen un grosor de 15 cm y lana mineral de 1.8 kg de densidad, en comparaci\u00f3n con los paneles de 10 cm que se utilizan com\u00fanmente en la industria. Todo esto permite que sus hornos funcionen de forma m\u00e1s eficiente al permitir que se escape menos calor.<\/p>\t\t\t\t\t\t\t\t<\/div>\n\t\t\t\t<\/div>\n\t\t\t\t\t<\/div>\n\t\t\t\t<\/div>\n\t\t<div class=\"elementor-element elementor-element-cc70312 e-flex e-con-boxed e-con e-parent\" data-id=\"cc70312\" data-element_type=\"container\" data-e-type=\"container\" data-settings=\"{&quot;background_background&quot;:&quot;classic&quot;}\">\n\t\t\t\t\t<div class=\"e-con-inner\">\n\t\t<div class=\"elementor-element elementor-element-6c46671 e-con-full e-flex e-con e-child\" data-id=\"6c46671\" data-element_type=\"container\" data-e-type=\"container\">\n\t\t\t\t<div class=\"elementor-element elementor-element-6bfca39 elementor-widget elementor-widget-heading\" data-id=\"6bfca39\" data-element_type=\"widget\" data-e-type=\"widget\" data-widget_type=\"heading.default\">\n\t\t\t\t\t<h2 class=\"elementor-heading-title elementor-size-default\">Infrarrojo<\/h2>\t\t\t\t<\/div>\n\t\t\t\t<div class=\"elementor-element elementor-element-c5d8c38 elementor-widget elementor-widget-heading\" data-id=\"c5d8c38\" data-element_type=\"widget\" data-e-type=\"widget\" data-widget_type=\"heading.default\">\n\t\t\t\t\t<p class=\"elementor-heading-title elementor-size-default\">Peque\u00f1a huella\n<\/p>\t\t\t\t<\/div>\n\t\t\t\t<div class=\"elementor-element elementor-element-b980c22 elementor-widget elementor-widget-text-editor\" data-id=\"b980c22\" data-element_type=\"widget\" data-e-type=\"widget\" data-widget_type=\"text-editor.default\">\n\t\t\t\t\t\t\t\t\t<p>La tecnolog\u00eda infrarroja de GAT se controla por PLC de zona para aplicaciones h\u00edbridas o de gel. Entregadas y ensambladas, con la experiencia de GAT, permiten aumentar la velocidad de la l\u00ednea o el espesor de las piezas. Probada en f\u00e1brica y precalentada, esta tecnolog\u00eda catal\u00edtica de gas ofrece aplicaciones de dise\u00f1o est\u00e1ndar y personalizado.<\/p>\t\t\t\t\t\t\t\t<\/div>\n\t\t\t\t<\/div>\n\t\t<div class=\"elementor-element elementor-element-5c23bc4 e-con-full e-flex e-con e-child\" data-id=\"5c23bc4\" data-element_type=\"container\" data-e-type=\"container\">\n\t\t\t\t<div class=\"elementor-element elementor-element-2806a79 elementor-widget elementor-widget-image\" data-id=\"2806a79\" data-element_type=\"widget\" data-e-type=\"widget\" data-widget_type=\"image.default\">\n\t\t\t\t\t\t\t\t\t\t\t\t\t\t\t<img loading=\"lazy\" decoding=\"async\" width=\"800\" height=\"403\" src=\"https:\/\/gat-systems.com\/wp-content\/uploads\/2024\/05\/bg_about_company_hero-scaled-1-1024x516.webp\" class=\"attachment-large size-large wp-image-155\" alt=\"\" srcset=\"https:\/\/gat-systems.com\/wp-content\/uploads\/2024\/05\/bg_about_company_hero-scaled-1-1024x516.webp 1024w, https:\/\/gat-systems.com\/wp-content\/uploads\/2024\/05\/bg_about_company_hero-scaled-1-300x151.webp 300w, https:\/\/gat-systems.com\/wp-content\/uploads\/2024\/05\/bg_about_company_hero-scaled-1-768x387.webp 768w, https:\/\/gat-systems.com\/wp-content\/uploads\/2024\/05\/bg_about_company_hero-scaled-1-1536x775.webp 1536w, https:\/\/gat-systems.com\/wp-content\/uploads\/2024\/05\/bg_about_company_hero-scaled-1-2048x1033.webp 2048w\" sizes=\"(max-width: 800px) 100vw, 800px\" \/>\t\t\t\t\t\t\t\t\t\t\t\t\t\t\t<\/div>\n\t\t\t\t<\/div>\n\t\t\t\t\t<\/div>\n\t\t\t\t<\/div>\n\t\t<div class=\"elementor-element elementor-element-327b992 e-flex e-con-boxed e-con e-parent\" data-id=\"327b992\" data-element_type=\"container\" data-e-type=\"container\" data-settings=\"{&quot;background_background&quot;:&quot;classic&quot;}\">\n\t\t\t\t\t<div class=\"e-con-inner\">\n\t\t<div class=\"elementor-element elementor-element-8083f23 e-con-full e-flex e-con e-child\" data-id=\"8083f23\" data-element_type=\"container\" data-e-type=\"container\">\n\t\t\t\t<div class=\"elementor-element elementor-element-d03990c elementor-widget elementor-widget-image\" data-id=\"d03990c\" data-element_type=\"widget\" data-e-type=\"widget\" data-widget_type=\"image.default\">\n\t\t\t\t\t\t\t\t\t\t\t\t\t\t\t<img loading=\"lazy\" decoding=\"async\" width=\"800\" height=\"303\" src=\"https:\/\/gat-systems.com\/wp-content\/uploads\/2024\/05\/innovation_background-1024x388-1.webp\" class=\"attachment-large size-large wp-image-73\" alt=\"\" srcset=\"https:\/\/gat-systems.com\/wp-content\/uploads\/2024\/05\/innovation_background-1024x388-1.webp 1024w, https:\/\/gat-systems.com\/wp-content\/uploads\/2024\/05\/innovation_background-1024x388-1-300x114.webp 300w, https:\/\/gat-systems.com\/wp-content\/uploads\/2024\/05\/innovation_background-1024x388-1-768x291.webp 768w\" sizes=\"(max-width: 800px) 100vw, 800px\" \/>\t\t\t\t\t\t\t\t\t\t\t\t\t\t\t<\/div>\n\t\t\t\t<\/div>\n\t\t<div class=\"elementor-element elementor-element-a56515e e-con-full e-flex e-con e-child\" data-id=\"a56515e\" data-element_type=\"container\" data-e-type=\"container\">\n\t\t\t\t<div class=\"elementor-element elementor-element-23bc8aa elementor-widget elementor-widget-heading\" data-id=\"23bc8aa\" data-element_type=\"widget\" data-e-type=\"widget\" data-widget_type=\"heading.default\">\n\t\t\t\t\t<h2 class=\"elementor-heading-title elementor-size-default\">Evaporador<\/h2>\t\t\t\t<\/div>\n\t\t\t\t<div class=\"elementor-element elementor-element-49dc2f9 elementor-widget elementor-widget-heading\" data-id=\"49dc2f9\" data-element_type=\"widget\" data-e-type=\"widget\" data-widget_type=\"heading.default\">\n\t\t\t\t\t<p class=\"elementor-heading-title elementor-size-default\">Dise\u00f1ado para la eficiencia<\/p>\t\t\t\t<\/div>\n\t\t\t\t<div class=\"elementor-element elementor-element-f9ac172 elementor-widget elementor-widget-text-editor\" data-id=\"f9ac172\" data-element_type=\"widget\" data-e-type=\"widget\" data-widget_type=\"text-editor.default\">\n\t\t\t\t\t\t\t\t\t<p>Como parte esencial de cualquier sistema de acabado, nuestros innovadores evaporadores han sido dise\u00f1ados con una huella de carbono cero. Aprovechan el calor residual de otros procesos t\u00e9rmicos de GAT, lo que los convierte en una alternativa ecol\u00f3gica para sus operaciones. Nuestros evaporadores reducen el desperdicio de agua y funcionan con el calor ya generado en lugar de requerir energ\u00eda.<\/p>\t\t\t\t\t\t\t\t<\/div>\n\t\t\t\t<\/div>\n\t\t\t\t\t<\/div>\n\t\t\t\t<\/div>\n\t\t\t\t<\/div>","protected":false},"excerpt":{"rendered":"<p>Innovations That Power the Modern Finishing Line Since 1958, GAT has turned real\u2011world production headaches into patented, field\u2011proven breakthroughs. Explore the core finishing system innovations that lower energy use, extend equipment life and boost throughput across hundreds of powder\u2011coat and paint lines. Ask GAT to Create Your Next Custom Finishing System Polypropylene Light. Durable Many [&hellip;]<\/p>\n","protected":false},"author":2,"featured_media":0,"parent":0,"menu_order":0,"comment_status":"closed","ping_status":"closed","template":"","meta":{"footnotes":""},"class_list":["post-151","page","type-page","status-publish","hentry"],"featured_image_src":null,"featured_image_src_square":null,"_links":{"self":[{"href":"https:\/\/gat-systems.com\/es\/wp-json\/wp\/v2\/pages\/151","targetHints":{"allow":["GET"]}}],"collection":[{"href":"https:\/\/gat-systems.com\/es\/wp-json\/wp\/v2\/pages"}],"about":[{"href":"https:\/\/gat-systems.com\/es\/wp-json\/wp\/v2\/types\/page"}],"author":[{"embeddable":true,"href":"https:\/\/gat-systems.com\/es\/wp-json\/wp\/v2\/users\/2"}],"replies":[{"embeddable":true,"href":"https:\/\/gat-systems.com\/es\/wp-json\/wp\/v2\/comments?post=151"}],"version-history":[{"count":0,"href":"https:\/\/gat-systems.com\/es\/wp-json\/wp\/v2\/pages\/151\/revisions"}],"wp:attachment":[{"href":"https:\/\/gat-systems.com\/es\/wp-json\/wp\/v2\/media?parent=151"}],"curies":[{"name":"wp","href":"https:\/\/api.w.org\/{rel}","templated":true}]}}